{"id":7466,"date":"2019-12-13T17:18:35","date_gmt":"2019-12-13T17:18:35","guid":{"rendered":"http:\/\/www.eid.pt\/?page_id=7466"},"modified":"2026-03-09T15:48:09","modified_gmt":"2026-03-09T15:48:09","slug":"corporate-policies","status":"publish","type":"page","link":"https:\/\/www.eid.pt\/pt\/who-we-are\/corporate-policies\/","title":{"rendered":"Pol\u00edticas Corporativas"},"content":{"rendered":"<section class=\"l-section wpb_row us_custom_f5fd5922 height_medium color_primary with_img\"><div class=\"l-section-img\" role=\"img\" aria-label=\"corporate policies banner\" data-img-width=\"1445\" data-img-height=\"963\" style=\"background-image: url(https:\/\/www.eid.pt\/upoapsee\/2021\/07\/policies.jpg);\"><\/div><div class=\"l-section-overlay\" style=\"background:rgba(51,51,51,0.60)\"><\/div><div class=\"l-section-h i-cf\"><div class=\"g-cols vc_row via_flex valign_top type_default stacking_default\"><div class=\"vc_col-sm-12 wpb_column vc_column_container us_animate_fade\"><div class=\"vc_column-inner\"><div class=\"wpb_wrapper\"><div class=\"wpb_text_column\"><div class=\"wpb_wrapper\"><h1>Pol\u00edticas Corporativas<\/h1>\n<p>Descubra as nossas pol\u00edticas<\/p>\n<\/div><\/div><\/div><\/div><\/div><\/div><\/div><\/section><section class=\"l-section wpb_row height_medium\"><div class=\"l-section-h i-cf\"><div class=\"g-cols vc_row via_flex valign_top type_default stacking_default\"><div class=\"vc_col-sm-12 wpb_column vc_column_container us_animate_afb\"><div class=\"vc_column-inner\"><div class=\"wpb_wrapper\"><div class=\"wpb_text_column\"><div class=\"wpb_wrapper\"><p><strong>Pol\u00edtica da Qualidade, Ambiental e Seguran\u00e7a da Informa\u00e7\u00e3o<br \/>\n<\/strong>A Pol\u00edtica de Qualidade, Ambiental e Seguran\u00e7a da Informa\u00e7\u00e3o est\u00e1 dispon\u00edvel a todos os interessados <a href=\"https:\/\/www.eid.pt\/pt\/contacts\/\">mediante solicita\u00e7\u00e3o<\/a>.<\/p>\n<p><strong><br \/>\nPol\u00edtica Antissuborno e Anticorrup\u00e7\u00e3o<\/strong><br \/>\nPara mais informa\u00e7\u00f5es, clique num dos links abaixo:<\/p>\n<ul>\n<li><strong><a href=\"https:\/\/www.eid.pt\/upoapsee\/Politica_anti-corrupcao_ed5.pdf\" target=\"_blank\" rel=\"noopener noreferrer\">Vers\u00e3o portuguesa<\/a><\/strong><\/li>\n<\/ul>\n<p><strong>Privacidade<\/strong><br \/>\nA EID sempre respeitou a privacidade dos seus clientes e parceiros, cujos direitos ser\u00e3o doravante refor\u00e7ados com a nova Pol\u00edtica de Privacidade da EID. Para mais informa\u00e7\u00f5es, clique num dos links abaixo:<\/p>\n<ul>\n<li><strong><a href=\"https:\/\/www.eid.pt\/upoapsee\/2023\/03\/Privacy-Policy_2023.04.23-Website.pdf\" target=\"_blank\" rel=\"noopener noreferrer\">Vers\u00e3o inglesa<\/a><\/strong><\/li>\n<li><strong><a href=\"https:\/\/www.eid.pt\/upoapsee\/2023\/03\/Politica-de-privacidade_2023.03.23.pdf\" target=\"_blank\" rel=\"noopener noreferrer\">Vers\u00e3o portuguesa<\/a><\/strong><\/li>\n<\/ul>\n<p><strong>Code of Ethics and Conduct<br \/>\n<\/strong>Para mais informa\u00e7\u00f5es, clique num dos links abaixo:<\/p>\n<ul>\n<li><strong><a href=\"https:\/\/www.eid.pt\/upoapsee\/Codigo_Etica_Conduta-Maio2025-VL_MB.pdf\" target=\"_blank\" rel=\"noopener noreferrer\">Vers\u00e3o portuguesa<\/a><\/strong><\/li>\n<\/ul>\n<p><strong>Pol\u00edtica anti-escravatura<br \/>\n<\/strong>Para mais informa\u00e7\u00f5es, clique num dos links abaixo:<\/p>\n<ul>\n<li><strong><a href=\"http:\/\/www.eid.pt\/upoapsee\/2021\/07\/Anti-Slavery-Policy.pdf\" target=\"_blank\" rel=\"noopener noreferrer\">Vers\u00e3o inglesa<\/a><\/strong><\/li>\n<li><strong><a href=\"http:\/\/www.eid.pt\/upoapsee\/2021\/07\/Politica_Anti-escravatura.pdf\" target=\"_blank\" rel=\"noopener noreferrer\">Vers\u00e3o portuguesa<\/a><\/strong><\/li>\n<\/ul>\n<p><strong>Whistleblowing and Irregularities Policy<br \/>\n<\/strong>Para mais informa\u00e7\u00f5es, clique num dos links abaixo:<\/p>\n<ul>\n<li><strong><a href=\"https:\/\/www.eid.pt\/upoapsee\/Politica-de-Denuncia-de-Irregularidades-Abril-2025-MB.pdf\" target=\"_blank\" rel=\"noopener\">Vers\u00e3o portuguesa<\/a><\/strong><\/li>\n<\/ul>\n<p><strong>Declara\u00e7\u00e3o sobre escravid\u00e3o moderna<br \/>\n<\/strong>Para mais informa\u00e7\u00f5es, clique num dos links abaixo:<\/p>\n<ul>\n<li><a href=\"https:\/\/www.eid.pt\/upoapsee\/2024\/09\/Modern-Slavery-Statement-July-2024-FINAL.pdf\" target=\"_blank\" rel=\"noopener\"><strong>Vers\u00e3o inglesa<\/strong><\/a><\/li>\n<li><a href=\"https:\/\/www.eid.pt\/upoapsee\/Modern-Slavery-Statement-July-2024-FINAL_PT.pdf\" target=\"_blank\" rel=\"noopener\"><strong>Vers\u00e3o portuguesa<\/strong><\/a><\/li>\n<\/ul>\n<p><strong>PPR Report<br \/>\n<\/strong>For more information, please click the link below:<\/p>\n<ul>\n<li><a href=\"https:\/\/www.eid.pt\/upoapsee\/Relatorio-PPR-formato-para-publicacao-intranet-e-pagina-oficial-EID.pdf\" target=\"_blank\" rel=\"noopener\"><strong>Report<\/strong><\/a><\/li>\n<\/ul>\n<\/div><\/div><\/div><\/div><\/div><\/div><\/div><\/section>","protected":false},"excerpt":{"rendered":"Corporate Policies Here you can take a look at our policies Quality, Environmental and Information Security Policy The Quality, Environmental and Information Security Policy is available to all interested parties upon request. Anti-Bribery and Anti-Corruption Policy For more information, please click on one of the links below: Portuguese version Privacy EID has always respected its...","protected":false},"author":3,"featured_media":11024,"parent":9832,"menu_order":0,"comment_status":"closed","ping_status":"closed","template":"","meta":{"footnotes":""},"class_list":["post-7466","page","type-page","status-publish","has-post-thumbnail","hentry"],"_links":{"self":[{"href":"https:\/\/www.eid.pt\/pt\/wp-json\/wp\/v2\/pages\/7466","targetHints":{"allow":["GET"]}}],"collection":[{"href":"https:\/\/www.eid.pt\/pt\/wp-json\/wp\/v2\/pages"}],"about":[{"href":"https:\/\/www.eid.pt\/pt\/wp-json\/wp\/v2\/types\/page"}],"author":[{"embeddable":true,"href":"https:\/\/www.eid.pt\/pt\/wp-json\/wp\/v2\/users\/3"}],"replies":[{"embeddable":true,"href":"https:\/\/www.eid.pt\/pt\/wp-json\/wp\/v2\/comments?post=7466"}],"version-history":[{"count":35,"href":"https:\/\/www.eid.pt\/pt\/wp-json\/wp\/v2\/pages\/7466\/revisions"}],"predecessor-version":[{"id":14457,"href":"https:\/\/www.eid.pt\/pt\/wp-json\/wp\/v2\/pages\/7466\/revisions\/14457"}],"up":[{"embeddable":true,"href":"https:\/\/www.eid.pt\/pt\/wp-json\/wp\/v2\/pages\/9832"}],"wp:featuredmedia":[{"embeddable":true,"href":"https:\/\/www.eid.pt\/pt\/wp-json\/wp\/v2\/media\/11024"}],"wp:attachment":[{"href":"https:\/\/www.eid.pt\/pt\/wp-json\/wp\/v2\/media?parent=7466"}],"curies":[{"name":"wp","href":"https:\/\/api.w.org\/{rel}","templated":true}]}}