{"id":12330,"date":"2023-07-17T15:52:43","date_gmt":"2023-07-17T15:52:43","guid":{"rendered":"https:\/\/www.eid.pt\/?page_id=12330"},"modified":"2024-08-19T09:13:27","modified_gmt":"2024-08-19T09:13:27","slug":"shareholders-meetings","status":"publish","type":"page","link":"https:\/\/www.eid.pt\/pt\/who-we-are\/shareholders-meetings\/","title":{"rendered":"Assembleias de acionistas"},"content":{"rendered":"<section class=\"l-section wpb_row us_custom_f5fd5922 height_medium color_primary with_img\"><div class=\"l-section-img\" role=\"img\" aria-label=\"Imagem\" data-img-width=\"1920\" data-img-height=\"899\" style=\"background-image: url(https:\/\/www.eid.pt\/upoapsee\/2021\/06\/businessman-draw-growth-graph-progress-business-analyzing-financial-2.jpg);\"><\/div><div class=\"l-section-overlay\" style=\"background:rgba(51,51,51,0.80)\"><\/div><div class=\"l-section-h i-cf\"><div class=\"g-cols vc_row via_flex valign_middle type_default stacking_default\"><div class=\"vc_col-sm-12 wpb_column vc_column_container\"><div class=\"vc_column-inner\"><div class=\"wpb_wrapper\"><div class=\"wpb_text_column\"><div class=\"wpb_wrapper\"><h1><strong>Assembleias de acionistas<br \/>\n<\/strong><\/h1>\n<\/div><\/div><\/div><\/div><\/div><\/div><\/div><\/section><section class=\"l-section wpb_row us_custom_60e9caca us_animate_this height_medium\"><div class=\"l-section-h i-cf\"><div class=\"g-cols vc_row via_flex valign_top type_default stacking_default\"><div class=\"vc_col-sm-12 wpb_column vc_column_container\"><div class=\"vc_column-inner\"><div class=\"wpb_wrapper\"><div class=\"w-separator size_medium\"><\/div><div class=\"w-tabs layout_hor style_default switch_click has_scrolling\" style=\"--sections-title-size:1em\"><div class=\"w-tabs-list items_2 align_none\"><div class=\"w-tabs-list-h\"><button class=\"w-tabs-item active\" aria-controls=\"content-sa2a\" aria-expanded=\"false\"><span class=\"w-tabs-item-title\">2023.08.08<\/span><\/button><button class=\"w-tabs-item\" aria-controls=\"content-gb53\" aria-expanded=\"false\"><span class=\"w-tabs-item-title\">2024.08.29<\/span><\/button><\/div><\/div><div class=\"w-tabs-sections titles-align_none icon_chevron cpos_right\"><div class=\"w-tabs-section active\" id=\"sa2a\"><button class=\"w-tabs-section-header active\" aria-controls=\"content-sa2a\" aria-expanded=\"true\"><div class=\"w-tabs-section-title\">2023.08.08<\/div><div class=\"w-tabs-section-control\"><\/div><\/button><div  class=\"w-tabs-section-content\" id=\"content-sa2a\"><div class=\"w-tabs-section-content-h i-cf\"><div class=\"wpb_text_column\"><div class=\"wpb_wrapper\"><ol>\n<li><a href=\"https:\/\/www.eid.pt\/upoapsee\/2023\/07\/1.Procedimentos.pdf\" target=\"_blank\" rel=\"noopener\">Informa\u00e7\u00f5es<\/a><\/li>\n<li><a href=\"https:\/\/www.eid.pt\/upoapsee\/2023\/07\/Relatorio-e-Contas-2020-2021.pdf\" target=\"_blank\" rel=\"noopener\">Relat\u00f3rio e Contas 2020\/21<\/a><\/li>\n<li style=\"text-align: left;\"><a href=\"https:\/\/www.eid.pt\/upoapsee\/2023\/07\/Relatorio-e-Contas-2021-2022.pdf\" target=\"_blank\" rel=\"noopener\">Relat\u00f3rio e Contas 2021\/22<\/a><\/li>\n<li><a href=\"https:\/\/www.eid.pt\/upoapsee\/2023\/07\/4.Relatorio-e-Contas-2022-2023.pdf\" target=\"_blank\" rel=\"noopener\">Relat\u00f3rio e Contas 2022\/23<\/a><\/li>\n<\/ol>\n<\/div><\/div><\/div><\/div><\/div><div class=\"w-tabs-section\" id=\"gb53\"><button class=\"w-tabs-section-header\" aria-controls=\"content-gb53\" aria-expanded=\"false\"><div class=\"w-tabs-section-title\">2024.08.29<\/div><div class=\"w-tabs-section-control\"><\/div><\/button><div  class=\"w-tabs-section-content\" id=\"content-gb53\"><div class=\"w-tabs-section-content-h i-cf\"><div class=\"wpb_text_column\"><div class=\"wpb_wrapper\"><ol>\n<li><a href=\"https:\/\/www.eid.pt\/upoapsee\/2024\/08\/Elementos-Preparatorios-AG_EID_202408296800555.1.pdf\" target=\"_blank\" rel=\"noopener\">Informa\u00e7\u00f5es<\/a><\/li>\n<li><a href=\"https:\/\/www.eid.pt\/upoapsee\/2024\/07\/RC_2023-2024-A.pdf\" target=\"_blank\" rel=\"noopener\">Relat\u00f3rio e Contas 2023\/24<\/a><\/li>\n<\/ol>\n<\/div><\/div><\/div><\/div><\/div><\/div><\/div><\/div><\/div><\/div><\/div><\/div><\/section><section class=\"l-section wpb_row height_medium\"><div class=\"l-section-h i-cf\"><div class=\"g-cols vc_row via_flex valign_top type_default stacking_default\"><div class=\"vc_col-sm-12 wpb_column vc_column_container\"><div class=\"vc_column-inner\"><div class=\"wpb_wrapper\"><\/div><\/div><\/div><\/div><\/div><\/section>","protected":false},"excerpt":{"rendered":"Shareholders meetings 2023.08.082024.08.292023.08.08 Informa\u00e7\u00f5es Relat\u00f3rio e Contas 2020\/21 Relat\u00f3rio e Contas 2021\/22 Relat\u00f3rio e Contas 2022\/23 2024.08.29 Informa\u00e7\u00f5es Relat\u00f3rio e Contas 2023\/24","protected":false},"author":2,"featured_media":11021,"parent":9832,"menu_order":0,"comment_status":"closed","ping_status":"closed","template":"","meta":{"footnotes":""},"class_list":["post-12330","page","type-page","status-publish","has-post-thumbnail","hentry"],"_links":{"self":[{"href":"https:\/\/www.eid.pt\/pt\/wp-json\/wp\/v2\/pages\/12330","targetHints":{"allow":["GET"]}}],"collection":[{"href":"https:\/\/www.eid.pt\/pt\/wp-json\/wp\/v2\/pages"}],"about":[{"href":"https:\/\/www.eid.pt\/pt\/wp-json\/wp\/v2\/types\/page"}],"author":[{"embeddable":true,"href":"https:\/\/www.eid.pt\/pt\/wp-json\/wp\/v2\/users\/2"}],"replies":[{"embeddable":true,"href":"https:\/\/www.eid.pt\/pt\/wp-json\/wp\/v2\/comments?post=12330"}],"version-history":[{"count":15,"href":"https:\/\/www.eid.pt\/pt\/wp-json\/wp\/v2\/pages\/12330\/revisions"}],"predecessor-version":[{"id":13012,"href":"https:\/\/www.eid.pt\/pt\/wp-json\/wp\/v2\/pages\/12330\/revisions\/13012"}],"up":[{"embeddable":true,"href":"https:\/\/www.eid.pt\/pt\/wp-json\/wp\/v2\/pages\/9832"}],"wp:featuredmedia":[{"embeddable":true,"href":"https:\/\/www.eid.pt\/pt\/wp-json\/wp\/v2\/media\/11021"}],"wp:attachment":[{"href":"https:\/\/www.eid.pt\/pt\/wp-json\/wp\/v2\/media?parent=12330"}],"curies":[{"name":"wp","href":"https:\/\/api.w.org\/{rel}","templated":true}]}}