{"id":11175,"date":"2021-09-17T08:47:32","date_gmt":"2021-09-17T08:47:32","guid":{"rendered":"https:\/\/www.eid.pt\/?page_id=11175"},"modified":"2023-09-29T09:21:53","modified_gmt":"2023-09-29T09:21:53","slug":"about-us","status":"publish","type":"page","link":"https:\/\/www.eid.pt\/pt\/who-we-are\/about-us\/","title":{"rendered":"Sobre n\u00f3s"},"content":{"rendered":"<section class=\"l-section wpb_row us_custom_f5fd5922 height_medium color_primary with_img\"><div class=\"l-section-img\" role=\"img\" aria-label=\"about us banner\" data-img-width=\"1920\" data-img-height=\"941\" style=\"background-image: url(https:\/\/www.eid.pt\/upoapsee\/2021\/09\/aboutusbanner.jpg);background-repeat: no-repeat;\"><\/div><div class=\"l-section-overlay\" style=\"background:rgba(51,51,51,0.75)\"><\/div><div class=\"l-section-h i-cf\"><div class=\"g-cols vc_row via_flex valign_top type_default stacking_default\"><div class=\"vc_col-sm-12 wpb_column vc_column_container\"><div class=\"vc_column-inner\"><div class=\"wpb_wrapper\"><div class=\"wpb_text_column\"><div class=\"wpb_wrapper\"><h1><strong>Sobre n\u00f3s<\/strong><\/h1>\n<\/div><\/div><\/div><\/div><\/div><\/div><\/div><\/section><section class=\"l-section wpb_row height_medium\"><div class=\"l-section-h i-cf\"><div class=\"g-cols vc_row via_flex valign_top type_default stacking_default\"><div class=\"vc_col-sm-8 wpb_column vc_column_container\"><div class=\"vc_column-inner\"><div class=\"wpb_wrapper\"><div class=\"wpb_text_column\"><div class=\"wpb_wrapper\"><p>A EID foi fundada em 1983 e \u00e9 uma das principais ind\u00fastrias de alta tecnologia em Portugal.<\/p>\n<p>Com um hist\u00f3rico comprovado e s\u00f3lido know-how nas \u00e1reas de eletr\u00f3nica e comunica\u00e7\u00f5es, a EID projeta, fabrica, fornece e d\u00e1 suporte a solu\u00e7\u00f5es C4I avan\u00e7adas e de alto desempenho, principalmente para o sector de defesa.<\/p>\n<p>Os exigentes mercados onde a EID opera exigem uma atitude permanente de inova\u00e7\u00e3o. O nosso crescimento est\u00e1 suportado na capacidade de desenvolver e lan\u00e7ar produtos e solu\u00e7\u00f5es tecnologicamente evolu\u00eddos e inovadores, indo ao encontro das necessidades espec\u00edficas dos clientes.<\/p>\n<p>O conhecimento e as capacidades tecnol\u00f3gicas da EID baseiam-se na experi\u00eancia e especializa\u00e7\u00e3o de engenheiros eletr\u00f3nicos, de software e de comunica\u00e7\u00f5es altamente qualificados, que representam a maior parte da for\u00e7a de trabalho da empresa.<\/p>\n<p>As \u00e1reas de especializa\u00e7\u00e3o mais relevantes da EID s\u00e3o:<\/p>\n<ul style=\"text-align: justify;\">\n<li><a href=\"https:\/\/www.eid.pt\/pt\/what-we-do\/sea\/\">Comunica\u00e7\u00f5es Navais<\/a><\/li>\n<li><a href=\"https:\/\/www.eid.pt\/pt\/what-we-do\/land\/\">Comunica\u00e7\u00f5es T\u00e1cticas<\/a><\/li>\n<li><a href=\"https:\/\/www.eid.pt\/pt\/what-we-do\/military-messaging\/\">Mensagens Militares<\/a><\/li>\n<li><a href=\"https:\/\/www.eid.pt\/pt\/what-we-do\/systems-engineering\/\">Engenharia de Sistemas<\/a><\/li>\n<\/ul>\n<p>Esfor\u00e7ando-se para alcan\u00e7ar a excel\u00eancia nestes dom\u00ednios, a EID forneceu numerosos sistemas e equipamentos ao longo dos anos, tanto no pa\u00eds como no estrangeiro. O neg\u00f3cio de exporta\u00e7\u00e3o representa uma parte significativa do volume de neg\u00f3cios da empresa, gra\u00e7as ao car\u00e1cter inovador dos produtos EID.<\/p>\n<p>Mais de 35 pa\u00edses espalhados pelo mundo possuem solu\u00e7\u00f5es EID em servi\u00e7o.<\/p>\n<p>A estrutura accionista da sociedade \u00e9 composta por\u00a0<a href=\"https:\/\/www.cohortplc.com\/\" target=\"_blank\" rel=\"noopener\">Cohort plc<\/a> (accionista principal) <a href=\"https:\/\/www.iddportugal.pt\/\" target=\"_blank\" rel=\"noopener\">idD \u2013 Portugal Defence<\/a> e <a href=\"https:\/\/www.iapmei.pt\/\" target=\"_blank\" rel=\"noopener\">IAPMEI<\/a>.<\/p>\n<\/div><\/div><\/div><\/div><\/div><div class=\"vc_col-sm-4 wpb_column vc_column_container\"><div class=\"vc_column-inner\"><div class=\"wpb_wrapper\"><div class=\"w-image align_center\"><div class=\"w-image-h\"><img decoding=\"async\" width=\"413\" height=\"1024\" src=\"https:\/\/www.eid.pt\/upoapsee\/2020\/05\/profile_3-413x1024.jpg\" class=\"attachment-large size-large\" alt=\"frigate, field, soldier communications\" loading=\"lazy\" srcset=\"https:\/\/www.eid.pt\/upoapsee\/2020\/05\/profile_3-413x1024.jpg 413w, https:\/\/www.eid.pt\/upoapsee\/2020\/05\/profile_3-121x300.jpg 121w, https:\/\/www.eid.pt\/upoapsee\/2020\/05\/profile_3.jpg 464w\" sizes=\"auto, (max-width: 413px) 100vw, 413px\" \/><\/div><\/div><\/div><\/div><\/div><\/div><\/div><\/section><section class=\"l-section wpb_row height_auto with_video with_youtube\"><div id=\"us_bg_video_a624\" class=\"l-section-video\"><script id=\"us_bg_video_a624-script\">!function(w){var node = document.getElementById( 'us_bg_video_a624' );if ( w.innerWidth <= 600 ) { node.remove() }}(window);<\/script><style>@media(max-width:600px){#us_bg_video_a624{display:none!important}}<\/style><script id=\"youtube_a624\">\r\n\t\t\t\t\twindow.USYTPlayers = ( window.USYTPlayers || { initYTFunctions: [], optionsYT: [], USYTInited: false } );\r\n\t\t\t\t\twindow.USYTPlayers.initYTFunctions.push( function() {\r\n\t\t\t\t\t\tvar player = new YT.Player( \"youtube_a624\" , {\r\n\t\t\t\t\t\t\tvideoId: \"JwHKDcm01-k\",\r\n\t\t\t\t\t\t\tplayerVars: {\"playlist\":\"JwHKDcm01-k\",\"autohide\":1,\"autoplay\":1,\"mute\":1,\"controls\":0,\"disablekb\":1,\"enablejsapi\":1,\"fs\":0,\"loop\":1,\"rel\":0,\"showinfo\":0},\r\n\t\t\t\t\t\t\tevents: {\r\n\t\t\t\t\t\t\t\tonReady: function ( e ) {\r\n\t\t\t\t\t\t\t\t\te.target.mute();\r\n\t\t\t\t\t\t\t\t\te.target.playVideo();\r\n\t\t\t\t\t\t\t\t\te.target.g.allow = \"autoplay; fullscreen; picture-in-picture\";\r\n\t\t\t\t\t\t\t\t\te.target.g.width = window.innerWidth;\r\n\t\t\t\t\t\t\t\t\te.target.g.loading = \"lazy\";\r\n\t\t\t\t\t\t\t\t\te.target.g.dispatchEvent( new Event( \"resize\", { bubbles: true } ) );\r\n\t\t\t\t\t\t\t\t}\r\n\t\t\t\t\t\t\t}\r\n\t\t\t\t\t\t});\r\n\t\t\t\t\t\tdocument.querySelector( \"script#youtube_api_a624\" ).remove();\r\n\t\t\t\t\t} );\r\n\t\t\t\t\twindow.onYouTubeIframeAPIReady = function() {\r\n\t\t\t\t\t\twindow.USYTPlayers.initYTFunctions.forEach( function( YTPlayer ) {\r\n\t\t\t\t\t\t\tif ( typeof YTPlayer === \"function\" ) {\r\n\t\t\t\t\t\t\t\tYTPlayer();\r\n\t\t\t\t\t\t\t}\r\n\t\t\t\t\t\t} );\r\n\t\t\t\t\t};\r\n\t\t\t\t\tvar script = document.createElement( \"script\" );\r\n\t\t\t\t\tscript.id = \"youtube_api_a624\";\r\n\t\t\t\t\tscript.src = \"https:\/\/www.youtube.com\/iframe_api\";\r\n\t\t\t\t\tdocument.head.append( script );\r\n\t\t\t\t<\/script><\/div><div class=\"l-section-overlay\" style=\"background:rgba(29,46,74,0.85)\"><\/div><div class=\"l-section-h i-cf\"><div class=\"g-cols vc_row via_flex valign_top type_default stacking_default\"><div class=\"vc_col-sm-12 wpb_column vc_column_container\"><div class=\"vc_column-inner\"><div class=\"wpb_wrapper\"><div class=\"w-video align_none ratio_21x9 has_iframe\"><div class=\"w-video-h\"><iframe title=\"Youtube video player\" src=\"\/\/www.youtube.com\/embed\/JwHKDcm01-k?autoplay=0&controls=1&origin=https:\/\/www.eid.pt\/pt&loop=0&mute=0\" allowfullscreen=\"1\" loading=\"lazy\"><\/iframe><\/div><\/div><\/div><\/div><\/div><\/div><\/div><\/section><section class=\"l-section wpb_row height_medium\"><div class=\"l-section-overlay\" style=\"background:linear-gradient(180deg,#e8e8e8,#ffffff)\"><\/div><div class=\"l-section-h i-cf\"><div class=\"g-cols vc_row via_flex valign_middle type_boxes stacking_default\"><div class=\"vc_col-sm-8 wpb_column vc_column_container\"><div class=\"vc_column-inner\"><div class=\"wpb_wrapper\"><div class=\"wpb_text_column\"><div class=\"wpb_wrapper\"><h3><strong>Sobre a Cohort plc<\/strong><\/h3>\n<p style=\"text-align: justify;\">A Cohort plc \u00e9 a empresa-m\u00e3e de seis empresas inovadoras, \u00e1geis e responsivas, fornecendo uma ampla gama de servi\u00e7os e produtos para clientes brit\u00e2nicos, alem\u00e3es, portugueses e internacionais nos mercados de defesa e relacionados. Pretende acrescentar valor real atrav\u00e9s da experi\u00eancia e dos contactos da sua equipa s\u00e9nior, proporcionando ao mesmo tempo um quadro de governa\u00e7\u00e3o leve mas eficaz. Seu objetivo \u00e9 agregar valor aos acionistas por meio de suas seis subsidi\u00e1rias operacionais: Chess, ELAC SONAR, EID, MASS, MCL e SEA.<\/p>\n<p style=\"text-align: justify;\">A Cohort foi fundada no princ\u00edpio de que as PME podem prosperar fazendo parte de um grupo maior, onde podem beneficiar de supervis\u00e3o financeira, apoio \u00e0 gest\u00e3o e interc\u00e2mbio de informa\u00e7\u00f5es e pr\u00e1ticas. A Cohort pretende alcan\u00e7ar este objetivo preservando ao mesmo tempo o elevado potencial de crescimento de empresas independentes inovadoras.<\/p>\n<\/div><\/div><\/div><\/div><\/div><div class=\"vc_col-sm-4 wpb_column vc_column_container\"><div class=\"vc_column-inner\"><div class=\"wpb_wrapper\"><div class=\"wpb_text_column\"><div class=\"wpb_wrapper\"><p style=\"text-align: right;\"><strong>Saiba mais sobre a Cohort plc<br \/>\ne as suas outras empresas:<\/strong><\/p>\n<p style=\"text-align: right;\"><strong><a href=\"https:\/\/www.cohortplc.com\/\" target=\"_blank\" rel=\"noopener\">COHORT plc<\/a><\/strong><br \/>\n<strong><a href=\"https:\/\/www.chess-dynamics.com\/\" target=\"_blank\" rel=\"noopener\">CHESS Dynamics<\/a><\/strong><br \/>\n<strong><a href=\"https:\/\/www.elac-sonar.de\/\" target=\"_blank\" rel=\"noopener\">ELAC Sonar<\/a><\/strong><br \/>\n<strong><a href=\"https:\/\/www.mass.co.uk\/\" target=\"_blank\" rel=\"noopener\">MASS<\/a><\/strong><br \/>\n<strong><a href=\"https:\/\/www.marlboroughcomms.com\/\" target=\"_blank\" rel=\"noopener\">MCL<\/a><\/strong><br \/>\n<strong><a href=\"https:\/\/www.sea.co.uk\/\" target=\"_blank\" rel=\"noopener\">SEA<\/a><\/strong><\/p>\n<\/div><\/div><\/div><\/div><\/div><\/div><\/div><\/section>","protected":false},"excerpt":{"rendered":"About us EID was founded in 1983 and is one of the leading high-tech industries in Portugal. With a proven record and solid know-how in the fields of electronics and communications, EID designs, manufactures, supplies and supports advanced, high performance C4I solutions, mainly for the defence sector. The demanding markets where EID operates requires a...","protected":false},"author":2,"featured_media":11193,"parent":9832,"menu_order":0,"comment_status":"closed","ping_status":"closed","template":"","meta":{"footnotes":""},"class_list":["post-11175","page","type-page","status-publish","has-post-thumbnail","hentry"],"_links":{"self":[{"href":"https:\/\/www.eid.pt\/pt\/wp-json\/wp\/v2\/pages\/11175","targetHints":{"allow":["GET"]}}],"collection":[{"href":"https:\/\/www.eid.pt\/pt\/wp-json\/wp\/v2\/pages"}],"about":[{"href":"https:\/\/www.eid.pt\/pt\/wp-json\/wp\/v2\/types\/page"}],"author":[{"embeddable":true,"href":"https:\/\/www.eid.pt\/pt\/wp-json\/wp\/v2\/users\/2"}],"replies":[{"embeddable":true,"href":"https:\/\/www.eid.pt\/pt\/wp-json\/wp\/v2\/comments?post=11175"}],"version-history":[{"count":12,"href":"https:\/\/www.eid.pt\/pt\/wp-json\/wp\/v2\/pages\/11175\/revisions"}],"predecessor-version":[{"id":12414,"href":"https:\/\/www.eid.pt\/pt\/wp-json\/wp\/v2\/pages\/11175\/revisions\/12414"}],"up":[{"embeddable":true,"href":"https:\/\/www.eid.pt\/pt\/wp-json\/wp\/v2\/pages\/9832"}],"wp:featuredmedia":[{"embeddable":true,"href":"https:\/\/www.eid.pt\/pt\/wp-json\/wp\/v2\/media\/11193"}],"wp:attachment":[{"href":"https:\/\/www.eid.pt\/pt\/wp-json\/wp\/v2\/media?parent=11175"}],"curies":[{"name":"wp","href":"https:\/\/api.w.org\/{rel}","templated":true}]}}