{"id":11122,"date":"2021-09-01T10:16:29","date_gmt":"2021-09-01T10:16:29","guid":{"rendered":"https:\/\/www.eid.pt\/?page_id=11122"},"modified":"2023-03-27T10:14:44","modified_gmt":"2023-03-27T10:14:44","slug":"military-messaging","status":"publish","type":"page","link":"https:\/\/www.eid.pt\/pt\/what-we-do\/military-messaging\/","title":{"rendered":"Mensagens Militares"},"content":{"rendered":"<section class=\"l-section wpb_row us_custom_f5fd5922 height_medium color_primary with_img\"><div class=\"l-section-img\" role=\"img\" aria-label=\"Imagem\" data-img-width=\"2300\" data-img-height=\"1528\" style=\"background-image: url(https:\/\/www.eid.pt\/upoapsee\/2020\/01\/Image3.jpg);\"><\/div><div class=\"l-section-overlay\" style=\"background:rgba(51,51,51,0.75)\"><\/div><div class=\"l-section-h i-cf\"><div class=\"g-cols vc_row via_flex valign_top type_default stacking_default\"><div class=\"vc_col-sm-12 wpb_column vc_column_container\"><div class=\"vc_column-inner\"><div class=\"wpb_wrapper\"><div class=\"w-image us_custom_b4a3cd96 align_none\"><div class=\"w-image-h\"><img decoding=\"async\" width=\"1024\" height=\"77\" src=\"https:\/\/www.eid.pt\/upoapsee\/2023\/03\/Asset-12.png\" class=\"attachment-large size-large\" alt=\"Military messaging - EIDNEX\" loading=\"lazy\" \/><\/div><\/div><div class=\"w-separator size_small\"><\/div><div class=\"wpb_text_column\"><div class=\"wpb_wrapper\"><p>A EID acumulou experi\u00eancia \u00fanica na \u00e1rea de mensagens militares, tendo desenvolvido e fornecido v\u00e1rias gera\u00e7\u00f5es de sistemas para ambientes t\u00e1ticos e estrat\u00e9gicos, desde solu\u00e7\u00f5es compat\u00edveis com ACP 127 at\u00e9 sistemas STANAG 4406\/ACP123.<\/p>\n<\/div><\/div><\/div><\/div><\/div><\/div><\/div><\/section><section class=\"l-section wpb_row height_auto width_full\"><div class=\"l-section-h i-cf\"><div class=\"g-cols vc_row via_flex valign_middle type_boxes stacking_default\"><div class=\"vc_col-sm-6 wpb_column vc_column_container\"><div class=\"vc_column-inner us_custom_7e20fa79 us_animate_this\"><div class=\"vc_column-overlay\" style=\"background:#f5f5f5\"><\/div><div class=\"wpb_wrapper\"><div class=\"wpb_text_column\"><div class=\"wpb_wrapper\"><h1><strong>MOST4 MMHS<\/strong><\/h1>\n<p>A \u00faltima gera\u00e7\u00e3o de sistemas de tratamento de mensagens militares estrat\u00e9gicos e t\u00e1ticos da EID em conformidade com STANAG 4406 Ed.2, que \u00e9 o padr\u00e3o especificado e ratificado pelos pa\u00edses membros da OTAN.<\/p>\n<p>Embora o MMHS seja, \u00e0 primeira vista, compar\u00e1vel ao correio electr\u00f3nico comercial, existem de facto diferen\u00e7as significativas. Na verdade, as organiza\u00e7\u00f5es de defesa exigem um sistema formal de mensagens seguras que garanta:<\/p>\n<ul>\n<li>Interoperabilidade entre as na\u00e7\u00f5es da NATO;<\/li>\n<li>Confidencialidade<\/li>\n<li>Integridade, n\u00e3o rep\u00fadio de origem e garantia de entrega;<\/li>\n<li>Mecanismos de tratamento adequados aplicados a cada mensagem de acordo com a sua preced\u00eancia e classifica\u00e7\u00e3o.<\/li>\n<\/ul>\n<p>O sistema tamb\u00e9m fornece transfer\u00eancias de mensagens para redes t\u00e1ticas que integram unidades de r\u00e1dio m\u00f3veis navais, aerotransportadas e militares, de acordo com STANAG 4406, Anexo E, e de tal forma que s\u00e3o alcan\u00e7adas taxas de transfer\u00eancia de dados substancialmente mais altas do que com os sistemas baseados em ACP127.<\/p>\n<\/div><\/div><div class=\"w-separator size_small\"><\/div><div class=\"w-popup w-btn-wrapper align_none\"><button class=\"w-popup-trigger type_btn w-btn us-btn-style_1\" aria-label=\"Solicite mais informa\u00e7\u00f5es\" type=\"button\"><span class=\"w-btn-label\">Solicite mais informa\u00e7\u00f5es<\/span><\/button><div class=\"w-popup-overlay\" style=\"background:rgba(0,0,0,0.85);\"><\/div><div class=\"w-popup-wrap layout_default\" role=\"dialog\" aria-modal=\"true\" aria-label=\"Popup\" style=\"--title-color:var(--color-content-heading);--title-bg-color:var(--color-content-bg-alt);--content-color:var(--color-content-text);--content-bg-color:var(--color-content-bg);--popup-width:600px;--popup-padding:5%;\"><button aria-label=\"Fechar\" class=\"w-popup-closer\" type=\"button\"><\/button><div class=\"w-popup-box animation_fadeIn closerpos_outside with_title\"><div class=\"w-popup-box-h\"><div class=\"w-popup-box-title\">MOST4 MMHS<\/div><div class=\"w-popup-box-content\"><div class=\"wpcf7 no-js\" id=\"wpcf7-f11144-o1\" lang=\"en-US\" dir=\"ltr\" data-wpcf7-id=\"11144\">\n<div class=\"screen-reader-response\"><p role=\"status\" aria-live=\"polite\" aria-atomic=\"true\"><\/p> <ul><\/ul><\/div>\n<form action=\"\/pt\/wp-json\/wp\/v2\/pages\/11122#wpcf7-f11144-o1\" method=\"post\" class=\"wpcf7-form init\" aria-label=\"Contact form\" novalidate=\"novalidate\" data-status=\"init\" data-trp-original-action=\"\/pt\/wp-json\/wp\/v2\/pages\/11122#wpcf7-f11144-o1\">\n<fieldset class=\"hidden-fields-container\"><input type=\"hidden\" name=\"_wpcf7\" value=\"11144\" \/><input type=\"hidden\" name=\"_wpcf7_version\" value=\"6.1.5\" \/><input type=\"hidden\" name=\"_wpcf7_locale\" value=\"en_US\" \/><input type=\"hidden\" name=\"_wpcf7_unit_tag\" value=\"wpcf7-f11144-o1\" \/><input type=\"hidden\" name=\"_wpcf7_container_post\" value=\"0\" \/><input type=\"hidden\" name=\"_wpcf7_posted_data_hash\" value=\"\" \/><input type=\"hidden\" name=\"_wpcf7_recaptcha_response\" value=\"\" \/>\n<\/fieldset>\n<p><label> <strong>Nome<\/strong> (obrigat\u00f3rio)<br \/>\n<span class=\"wpcf7-form-control-wrap\" data-name=\"your-name\"><input size=\"40\" maxlength=\"400\" class=\"wpcf7-form-control wpcf7-text wpcf7-validates-as-required\" aria-required=\"true\" aria-invalid=\"false\" value=\"\" type=\"text\" name=\"your-name\" \/><\/span> <\/label>\n<\/p>\n<p><label> <strong>Email<\/strong> (obrigat\u00f3rio)<br \/>\n<span class=\"wpcf7-form-control-wrap\" data-name=\"your-email\"><input size=\"40\" maxlength=\"400\" class=\"wpcf7-form-control wpcf7-email wpcf7-validates-as-required wpcf7-text wpcf7-validates-as-email\" aria-required=\"true\" aria-invalid=\"false\" value=\"\" type=\"email\" name=\"your-email\" \/><\/span> <\/label>\n<\/p>\n<p><label> <strong>Assunto<\/strong><br \/>\n<span class=\"wpcf7-form-control-wrap\" data-name=\"your-subject\"><input size=\"40\" maxlength=\"400\" class=\"wpcf7-form-control wpcf7-text\" aria-invalid=\"false\" value=\"MOST4 MMHS\" type=\"text\" name=\"your-subject\" \/><\/span> <\/label>\n<\/p>\n<p><label> <strong>Mensagem<\/strong><br \/>\n<span class=\"wpcf7-form-control-wrap\" data-name=\"your-message\"><textarea cols=\"40\" rows=\"10\" maxlength=\"2000\" class=\"wpcf7-form-control wpcf7-textarea\" aria-invalid=\"false\" name=\"your-message\"><\/textarea><\/span> <\/label>\n<\/p>\n<p><span class=\"wpcf7-form-control-wrap\" data-name=\"privacypolicy\"><span class=\"wpcf7-form-control wpcf7-acceptance\"><span class=\"wpcf7-list-item\"><label><input type=\"checkbox\" name=\"privacypolicy\" value=\"1\" aria-invalid=\"false\" \/><span class=\"wpcf7-list-item-label\">Ao marcar esta caixa, concorda com a recolha e uso dos seus dados pessoais pela EID de acordo com a nossa <a href=\"http:\/\/www.eid.pt\/pt\/who-we-are\/corporate-policies\/\">pol\u00edtica de privacidade<\/a>. A EID utilizar\u00e1 os seus dados pessoais exclusivamente para efeitos de comunica\u00e7\u00e3o consigo e de lhe fornecer as informa\u00e7\u00f5es ou servi\u00e7os que solicitou.<\/span><\/label><\/span><\/span><\/span>\n<\/p>\n<p><input class=\"wpcf7-form-control wpcf7-submit has-spinner\" type=\"submit\" value=\"Send\" \/>\n<\/p><div class=\"wpcf7-response-output\" aria-hidden=\"true\"><\/div>\n<input type=\"hidden\" name=\"trp-form-language\" value=\"pt\"\/><\/form>\n<\/div>\n<\/div><\/div><\/div><\/div><\/div><\/div><\/div><\/div><div class=\"vc_col-sm-6 wpb_column vc_column_container  has_bg_color\"><div class=\"vc_column-inner us_custom_55954789 us_animate_this\"><div class=\"wpb_wrapper\"><div class=\"w-separator size_custom\" style=\"height:400px\"><\/div><\/div><\/div><\/div><\/div><\/div><\/section><section class=\"l-section wpb_row height_auto width_full\"><div class=\"l-section-h i-cf\"><div class=\"g-cols vc_row via_flex valign_middle type_boxes reversed stacking_default\"><div class=\"vc_col-sm-6 wpb_column vc_column_container  has_bg_color\"><div class=\"vc_column-inner us_custom_10ea2caa us_animate_this\"><div class=\"wpb_wrapper\"><div class=\"w-separator size_custom\" style=\"height:400px\"><\/div><\/div><\/div><\/div><div class=\"vc_col-sm-6 wpb_column vc_column_container\"><div class=\"vc_column-inner us_custom_47474b22 us_animate_this\"><div class=\"vc_column-overlay\" style=\"background:#f5f5f5\"><\/div><div class=\"wpb_wrapper\"><div class=\"wpb_text_column\"><div class=\"wpb_wrapper\"><h1><strong>MOST4 SHIPS<\/strong><\/h1>\n<p>MOST4 SHIPS \u00e9 um Sistema Autom\u00e1tico de Tratamento de Mensagens que apresenta um conjunto abrangente de recursos destinados a reduzir as despesas gerais das tarefas tradicionais de gerenciamento de mensagens a bordo. Proporcionando um grau substancial de automa\u00e7\u00e3o, o sistema reduz a carga de trabalho do operador, minimizando assim a probabilidade de ocorr\u00eancia de erros operacionais e administrativos.<\/p>\n<p>MOST4 Ships inclui as seguintes caracter\u00edsticas:<\/p>\n<ul>\n<li>Reconfigura\u00e7\u00e3o in loco, de acordo com as necessidades operacionais vigentes;<\/li>\n<li>Capacidade de atualiza\u00e7\u00e3o, em termos de poder de processamento e n\u00famero de terminais de opera\u00e7\u00e3o;<\/li>\n<li>Interface padr\u00e3o para outros sistemas\/redes;<\/li>\n<li>Compatibilidade com uma ampla variedade de plataformas de hardware padr\u00e3o da ind\u00fastria, sejam computadores\/esta\u00e7\u00f5es de trabalho pessoais comerciais, robustos ou de especifica\u00e7\u00e3o militar.<\/li>\n<\/ul>\n<p>Solu\u00e7\u00f5es compat\u00edveis com STANAG 4406 tamb\u00e9m podem ser integradas em navios MOST4, atendendo aos requisitos de mensagens do navio em um per\u00edodo de transi\u00e7\u00e3o do ACP 127 para o Tactical MMHS.<\/p>\n<\/div><\/div><div class=\"w-separator size_small\"><\/div><div class=\"w-popup w-btn-wrapper align_none\"><button class=\"w-popup-trigger type_btn w-btn us-btn-style_1\" aria-label=\"Solicite mais informa\u00e7\u00f5es\" type=\"button\"><span class=\"w-btn-label\">Solicite mais informa\u00e7\u00f5es<\/span><\/button><div class=\"w-popup-overlay\" style=\"background:rgba(0,0,0,0.85);\"><\/div><div class=\"w-popup-wrap layout_default\" role=\"dialog\" aria-modal=\"true\" aria-label=\"Popup\" style=\"--title-color:var(--color-content-heading);--title-bg-color:var(--color-content-bg-alt);--content-color:var(--color-content-text);--content-bg-color:var(--color-content-bg);--popup-width:600px;--popup-padding:5%;\"><button aria-label=\"Fechar\" class=\"w-popup-closer\" type=\"button\"><\/button><div class=\"w-popup-box animation_fadeIn closerpos_outside with_title\"><div class=\"w-popup-box-h\"><div class=\"w-popup-box-title\">MOST4 SHIPS<\/div><div class=\"w-popup-box-content\"><div class=\"wpcf7 no-js\" id=\"wpcf7-f11145-o2\" lang=\"en-US\" dir=\"ltr\" data-wpcf7-id=\"11145\">\n<div class=\"screen-reader-response\"><p role=\"status\" aria-live=\"polite\" aria-atomic=\"true\"><\/p> <ul><\/ul><\/div>\n<form action=\"\/pt\/wp-json\/wp\/v2\/pages\/11122#wpcf7-f11145-o2\" method=\"post\" class=\"wpcf7-form init\" aria-label=\"Contact form\" novalidate=\"novalidate\" data-status=\"init\" data-trp-original-action=\"\/pt\/wp-json\/wp\/v2\/pages\/11122#wpcf7-f11145-o2\">\n<fieldset class=\"hidden-fields-container\"><input type=\"hidden\" name=\"_wpcf7\" value=\"11145\" \/><input type=\"hidden\" name=\"_wpcf7_version\" value=\"6.1.5\" \/><input type=\"hidden\" name=\"_wpcf7_locale\" value=\"en_US\" \/><input type=\"hidden\" name=\"_wpcf7_unit_tag\" value=\"wpcf7-f11145-o2\" \/><input type=\"hidden\" name=\"_wpcf7_container_post\" value=\"0\" \/><input type=\"hidden\" name=\"_wpcf7_posted_data_hash\" value=\"\" \/><input type=\"hidden\" name=\"_wpcf7_recaptcha_response\" value=\"\" \/>\n<\/fieldset>\n<p><label> <strong>Nome<\/strong> (obrigat\u00f3rio)<br \/>\n<span class=\"wpcf7-form-control-wrap\" data-name=\"your-name\"><input size=\"40\" maxlength=\"400\" class=\"wpcf7-form-control wpcf7-text wpcf7-validates-as-required\" aria-required=\"true\" aria-invalid=\"false\" value=\"\" type=\"text\" name=\"your-name\" \/><\/span> <\/label>\n<\/p>\n<p><label> <strong>Email<\/strong> (obrigat\u00f3rio)<br \/>\n<span class=\"wpcf7-form-control-wrap\" data-name=\"your-email\"><input size=\"40\" maxlength=\"400\" class=\"wpcf7-form-control wpcf7-email wpcf7-validates-as-required wpcf7-text wpcf7-validates-as-email\" aria-required=\"true\" aria-invalid=\"false\" value=\"\" type=\"email\" name=\"your-email\" \/><\/span> <\/label>\n<\/p>\n<p><label> <strong>Assunto<\/strong><br \/>\n<span class=\"wpcf7-form-control-wrap\" data-name=\"your-subject\"><input size=\"40\" maxlength=\"400\" class=\"wpcf7-form-control wpcf7-text\" aria-invalid=\"false\" value=\"MOST4 SHIPS\" type=\"text\" name=\"your-subject\" \/><\/span> <\/label>\n<\/p>\n<p><label> <strong>Mensagem<\/strong><br \/>\n<span class=\"wpcf7-form-control-wrap\" data-name=\"your-message\"><textarea cols=\"40\" rows=\"10\" maxlength=\"2000\" class=\"wpcf7-form-control wpcf7-textarea\" aria-invalid=\"false\" name=\"your-message\"><\/textarea><\/span> <\/label>\n<\/p>\n<p><span class=\"wpcf7-form-control-wrap\" data-name=\"privacypolicy\"><span class=\"wpcf7-form-control wpcf7-acceptance\"><span class=\"wpcf7-list-item\"><label><input type=\"checkbox\" name=\"privacypolicy\" value=\"1\" aria-invalid=\"false\" \/><span class=\"wpcf7-list-item-label\">Ao marcar esta caixa, concorda com a recolha e uso dos seus dados pessoais pela EID de acordo com a nossa <a href=\"http:\/\/www.eid.pt\/pt\/who-we-are\/corporate-policies\/\">pol\u00edtica de privacidade<\/a>. A EID utilizar\u00e1 os seus dados pessoais exclusivamente para efeitos de comunica\u00e7\u00e3o consigo e de lhe fornecer as informa\u00e7\u00f5es ou servi\u00e7os que solicitou.<\/span><\/label><\/span><\/span><\/span>\n<\/p>\n<p><input class=\"wpcf7-form-control wpcf7-submit has-spinner\" type=\"submit\" value=\"Send\" \/>\n<\/p><div class=\"wpcf7-response-output\" aria-hidden=\"true\"><\/div>\n<input type=\"hidden\" name=\"trp-form-language\" value=\"pt\"\/><\/form>\n<\/div>\n<\/div><\/div><\/div><\/div><\/div><\/div><\/div><\/div><\/div><\/div><\/section>","protected":false},"excerpt":{"rendered":"EID built up unique expertise in the field of military messaging, having developed and supplied various generations of systems for tactical and strategic environments, from ACP 127 compliant solutions to STANAG 4406\/ACP123 systems. MOST4 MMHS EID&#8217;s latest generation of strategic and tactical Military Message Handling Systems compliant with STANAG 4406 Ed.2, which is the standard...","protected":false},"author":2,"featured_media":11201,"parent":10994,"menu_order":0,"comment_status":"closed","ping_status":"closed","template":"","meta":{"footnotes":""},"class_list":["post-11122","page","type-page","status-publish","has-post-thumbnail","hentry"],"_links":{"self":[{"href":"https:\/\/www.eid.pt\/pt\/wp-json\/wp\/v2\/pages\/11122","targetHints":{"allow":["GET"]}}],"collection":[{"href":"https:\/\/www.eid.pt\/pt\/wp-json\/wp\/v2\/pages"}],"about":[{"href":"https:\/\/www.eid.pt\/pt\/wp-json\/wp\/v2\/types\/page"}],"author":[{"embeddable":true,"href":"https:\/\/www.eid.pt\/pt\/wp-json\/wp\/v2\/users\/2"}],"replies":[{"embeddable":true,"href":"https:\/\/www.eid.pt\/pt\/wp-json\/wp\/v2\/comments?post=11122"}],"version-history":[{"count":19,"href":"https:\/\/www.eid.pt\/pt\/wp-json\/wp\/v2\/pages\/11122\/revisions"}],"predecessor-version":[{"id":12132,"href":"https:\/\/www.eid.pt\/pt\/wp-json\/wp\/v2\/pages\/11122\/revisions\/12132"}],"up":[{"embeddable":true,"href":"https:\/\/www.eid.pt\/pt\/wp-json\/wp\/v2\/pages\/10994"}],"wp:featuredmedia":[{"embeddable":true,"href":"https:\/\/www.eid.pt\/pt\/wp-json\/wp\/v2\/media\/11201"}],"wp:attachment":[{"href":"https:\/\/www.eid.pt\/pt\/wp-json\/wp\/v2\/media?parent=11122"}],"curies":[{"name":"wp","href":"https:\/\/api.w.org\/{rel}","templated":true}]}}