{"id":10955,"date":"2021-08-02T16:17:00","date_gmt":"2021-08-02T16:17:00","guid":{"rendered":"http:\/\/www.eid.pt\/?page_id=10955"},"modified":"2021-09-02T13:46:44","modified_gmt":"2021-09-02T13:46:44","slug":"personal-radios","status":"publish","type":"page","link":"https:\/\/www.eid.pt\/pt\/what-we-do\/land\/personal-radios\/","title":{"rendered":"R\u00e1dios Pessoais"},"content":{"rendered":"<section class=\"l-section wpb_row us_custom_f5fd5922 height_medium color_primary with_img parallax_ver\"><div class=\"l-section-img\" role=\"img\" aria-label=\"personal radios banner\" data-img-width=\"1920\" data-img-height=\"1280\" style=\"background-image: url(https:\/\/www.eid.pt\/upoapsee\/2021\/08\/28393652548_1952cadf2cfdfdfbb_o.jpg);\"><\/div><div class=\"l-section-overlay\" style=\"background:rgba(51,51,51,0.75)\"><\/div><div class=\"l-section-h i-cf\"><div class=\"g-cols vc_row via_flex valign_top type_default stacking_default\"><div class=\"vc_col-sm-12 wpb_column vc_column_container\"><div class=\"vc_column-inner\"><div class=\"wpb_wrapper\"><div class=\"wpb_text_column\"><div class=\"wpb_wrapper\"><h1><strong>R\u00e1dios Pessoais<\/strong><\/h1>\n<\/div><\/div><\/div><\/div><\/div><\/div><\/div><\/section><section class=\"l-section wpb_row height_auto width_full\"><div class=\"l-section-h i-cf\"><div class=\"g-cols vc_row via_flex valign_middle type_boxes stacking_default\"><div class=\"vc_col-sm-6 wpb_column vc_column_container  has_bg_color\"><div class=\"vc_column-inner us_custom_49d46850 us_animate_this\"><div class=\"wpb_wrapper\"><div class=\"wpb_text_column\"><div class=\"wpb_wrapper\"><h1><strong>S\u00e9rie TWH-100<\/strong><\/h1>\n<p style=\"text-align: justify;\">Os r\u00e1dios pessoais TWH-101R e TWH-104R, entre os recursos b\u00e1sicos dos r\u00e1dios para soldados, fornecem recursos estendidos aos usu\u00e1rios, como audioconfer\u00eancia full duplex com capacidade de dados simult\u00e2neos, receptor GPS\/Glonass integrado, v\u00e1rios bot\u00f5es PTT para acesso de voz diferenciado, est\u00e9reo opera\u00e7\u00e3o (separa\u00e7\u00e3o direita e esquerda), VOX, modo sussurro, gerenciamento autom\u00e1tico de rede para opera\u00e7\u00e3o transparente e simples e uma ampla gama de acess\u00f3rios como gateways port\u00e1teis e veiculares, fones de ouvido, PTT sem fio, baterias e carregadores (veiculares e solares).<\/p>\n<p style=\"text-align: justify;\">Al\u00e9m da funcionalidade de um R\u00e1dio Pessoal, a solu\u00e7\u00e3o tamb\u00e9m pode ser vista como uma extens\u00e3o wireless para um Sistema de Intercomunica\u00e7\u00e3o ou equipamento de R\u00e1dio, permitindo que os usu\u00e1rios estejam conectados ao ve\u00edculo e\/ou r\u00e1dio da rede de combate e mantendo a possibilidade de selecionar a comunica\u00e7\u00e3o com a tripula\u00e7\u00e3o. membros ou aos r\u00e1dios dentro do ve\u00edculo, da mesma forma que se estiver conectado por fio.<\/p>\n<\/div><\/div><div class=\"w-separator size_small\"><\/div><div class=\"w-popup w-btn-wrapper align_none\"><button class=\"w-popup-trigger type_btn w-btn us-btn-style_1\" aria-label=\"Solicite mais informa\u00e7\u00f5es\" type=\"button\"><span class=\"w-btn-label\">Solicite mais informa\u00e7\u00f5es<\/span><\/button><div class=\"w-popup-overlay\" style=\"background:rgba(0,0,0,0.85);\"><\/div><div class=\"w-popup-wrap layout_default\" role=\"dialog\" aria-modal=\"true\" aria-label=\"Popup\" style=\"--title-color:var(--color-content-heading);--title-bg-color:var(--color-content-bg-alt);--content-color:var(--color-content-text);--content-bg-color:var(--color-content-bg);--popup-width:600px;--popup-padding:5%;\"><button aria-label=\"Fechar\" class=\"w-popup-closer\" type=\"button\"><\/button><div class=\"w-popup-box animation_fadeIn closerpos_outside with_title\"><div class=\"w-popup-box-h\"><div class=\"w-popup-box-title\">S\u00e9rie TWH-100<\/div><div class=\"w-popup-box-content\"><div class=\"wpcf7 no-js\" id=\"wpcf7-f10234-o1\" lang=\"en-US\" dir=\"ltr\" data-wpcf7-id=\"10234\">\n<div class=\"screen-reader-response\"><p role=\"status\" aria-live=\"polite\" aria-atomic=\"true\"><\/p> <ul><\/ul><\/div>\n<form action=\"\/pt\/wp-json\/wp\/v2\/pages\/10955#wpcf7-f10234-o1\" method=\"post\" class=\"wpcf7-form init\" aria-label=\"Contact form\" novalidate=\"novalidate\" data-status=\"init\" data-trp-original-action=\"\/pt\/wp-json\/wp\/v2\/pages\/10955#wpcf7-f10234-o1\">\n<fieldset class=\"hidden-fields-container\"><input type=\"hidden\" name=\"_wpcf7\" value=\"10234\" \/><input type=\"hidden\" name=\"_wpcf7_version\" value=\"6.1.5\" \/><input type=\"hidden\" name=\"_wpcf7_locale\" value=\"en_US\" \/><input type=\"hidden\" name=\"_wpcf7_unit_tag\" value=\"wpcf7-f10234-o1\" \/><input type=\"hidden\" name=\"_wpcf7_container_post\" value=\"0\" \/><input type=\"hidden\" name=\"_wpcf7_posted_data_hash\" value=\"\" \/><input type=\"hidden\" name=\"_wpcf7_recaptcha_response\" value=\"\" \/>\n<\/fieldset>\n<p><label> <strong>Nome<\/strong> (obrigat\u00f3rio)<br \/>\n<span class=\"wpcf7-form-control-wrap\" data-name=\"your-name\"><input size=\"40\" maxlength=\"400\" class=\"wpcf7-form-control wpcf7-text wpcf7-validates-as-required\" aria-required=\"true\" aria-invalid=\"false\" value=\"\" type=\"text\" name=\"your-name\" \/><\/span> <\/label>\n<\/p>\n<p><label> <strong>Email<\/strong> (obrigat\u00f3rio)<br \/>\n<span class=\"wpcf7-form-control-wrap\" data-name=\"your-email\"><input size=\"40\" maxlength=\"400\" class=\"wpcf7-form-control wpcf7-email wpcf7-validates-as-required wpcf7-text wpcf7-validates-as-email\" aria-required=\"true\" aria-invalid=\"false\" value=\"\" type=\"email\" name=\"your-email\" \/><\/span> <\/label>\n<\/p>\n<p><label> <strong>Assunto<\/strong><br \/>\n<span class=\"wpcf7-form-control-wrap\" data-name=\"your-subject\"><input size=\"40\" maxlength=\"400\" class=\"wpcf7-form-control wpcf7-text\" aria-invalid=\"false\" value=\"TWH-100\" type=\"text\" name=\"your-subject\" \/><\/span> <\/label>\n<\/p>\n<p><label> <strong>Mensagem<\/strong><br \/>\n<span class=\"wpcf7-form-control-wrap\" data-name=\"your-message\"><textarea cols=\"40\" rows=\"10\" maxlength=\"2000\" class=\"wpcf7-form-control wpcf7-textarea\" aria-invalid=\"false\" name=\"your-message\"><\/textarea><\/span> <\/label>\n<\/p>\n<p><span class=\"wpcf7-form-control-wrap\" data-name=\"privacypolicy\"><span class=\"wpcf7-form-control wpcf7-acceptance\"><span class=\"wpcf7-list-item\"><label><input type=\"checkbox\" name=\"privacypolicy\" value=\"1\" aria-invalid=\"false\" \/><span class=\"wpcf7-list-item-label\">Ao marcar esta caixa, concorda com a recolha e uso dos seus dados pessoais pela EID de acordo com a nossa <a href=\"http:\/\/www.eid.pt\/pt\/who-we-are\/corporate-policies\/\">pol\u00edtica de privacidade<\/a>. A EID utilizar\u00e1 os seus dados pessoais exclusivamente para efeitos de comunica\u00e7\u00e3o consigo e de lhe fornecer as informa\u00e7\u00f5es ou servi\u00e7os que solicitou.<\/span><\/label><\/span><\/span><\/span>\n<\/p>\n<p><input class=\"wpcf7-form-control wpcf7-submit has-spinner\" type=\"submit\" value=\"Send\" \/>\n<\/p><div class=\"wpcf7-response-output\" aria-hidden=\"true\"><\/div>\n<input type=\"hidden\" name=\"trp-form-language\" value=\"pt\"\/><\/form>\n<\/div>\n<\/div><\/div><\/div><\/div><\/div><\/div><\/div><\/div><div class=\"vc_col-sm-6 wpb_column vc_column_container  has_bg_color\"><div class=\"vc_column-inner us_custom_6d6b6206 us_animate_this\"><div class=\"wpb_wrapper\"><div class=\"w-separator size_custom\" style=\"height:400px\"><\/div><\/div><\/div><\/div><\/div><\/div><\/section><section class=\"l-section wpb_row height_auto width_full\"><div class=\"l-section-h i-cf\"><div class=\"g-cols vc_row via_flex valign_middle type_boxes reversed stacking_default\"><div class=\"vc_col-sm-6 wpb_column vc_column_container  has_bg_color\"><div class=\"vc_column-inner us_custom_3dc55076 us_animate_this\"><div class=\"wpb_wrapper\"><div class=\"w-separator size_custom\" style=\"height:400px\"><\/div><\/div><\/div><\/div><div class=\"vc_col-sm-6 wpb_column vc_column_container  has_bg_color\"><div class=\"vc_column-inner us_custom_70b3d90b us_animate_this\"><div class=\"wpb_wrapper\"><div class=\"wpb_text_column\"><div class=\"wpb_wrapper\"><h1><strong>S\u00e9rie TWH-110<\/strong><\/h1>\n<p style=\"text-align: justify;\">O R\u00e1dio Pessoal TWH-110 \u00e9 um transceptor leve que opera na banda de 400MHz oferecendo um bom equil\u00edbrio entre autonomia e pot\u00eancia de sa\u00edda de RF. Ele fornece um esquema de modula\u00e7\u00e3o de assinatura de RF muito baixa baseado na tecnologia de espalhamento espectral (DSSS) e t\u00e9cnicas TDMA, apresentando uma forma de onda robusta, confi\u00e1vel e de baixa probabilidade de detec\u00e7\u00e3o. Al\u00e9m disso, incorpora criptografia AES para um n\u00edvel de seguran\u00e7a muito alto de \u00e1udio e dados transmitidos com chaves que podem ser baixadas pelo usu\u00e1rio.<\/p>\n<p style=\"text-align: justify;\">Al\u00e9m de sua fun\u00e7\u00e3o principal como r\u00e1dio pessoal, conectar a s\u00e9rie TWH-110 da EID a um sistema de intercomunica\u00e7\u00e3o de um ve\u00edculo blindado permite que os soldados des\u00e7am do ve\u00edculo e se movam livremente com total conectividade, sendo usado como uma extens\u00e3o sem fio, permitindo a interconectividade para longos per\u00edodos de tempo. redes HF\/VHF\/UHF de alto alcance, por meio de r\u00e1dios t\u00e1ticos montados em ve\u00edculos ou barcos-patrulha r\u00e1pidos. Ele tamb\u00e9m permite a integra\u00e7\u00e3o de v\u00e1rios tipos de sensores, fornece localiza\u00e7\u00e3o geoespacial precisa para monitoramento do posicionamento de for\u00e7as com base na capacidade de rastreamento de for\u00e7a azul (BFT) integrada por r\u00e1dio e outros recursos quando conectado a um sistema de gerenciamento de batalha (BMS).<\/p>\n<\/div><\/div><div class=\"w-separator size_small\"><\/div><div class=\"w-popup w-btn-wrapper align_none\"><button class=\"w-popup-trigger type_btn w-btn us-btn-style_1\" aria-label=\"Solicite mais informa\u00e7\u00f5es\" type=\"button\"><span class=\"w-btn-label\">Solicite mais informa\u00e7\u00f5es<\/span><\/button><div class=\"w-popup-overlay\" style=\"background:rgba(0,0,0,0.85);\"><\/div><div class=\"w-popup-wrap layout_default\" role=\"dialog\" aria-modal=\"true\" aria-label=\"Popup\" style=\"--title-color:var(--color-content-heading);--title-bg-color:var(--color-content-bg-alt);--content-color:var(--color-content-text);--content-bg-color:var(--color-content-bg);--popup-width:600px;--popup-padding:5%;\"><button aria-label=\"Fechar\" class=\"w-popup-closer\" type=\"button\"><\/button><div class=\"w-popup-box animation_fadeIn closerpos_outside with_title\"><div class=\"w-popup-box-h\"><div class=\"w-popup-box-title\">S\u00e9rie TWH-110<\/div><div class=\"w-popup-box-content\"><div class=\"wpcf7 no-js\" id=\"wpcf7-f10974-o2\" lang=\"en-US\" dir=\"ltr\" data-wpcf7-id=\"10974\">\n<div class=\"screen-reader-response\"><p role=\"status\" aria-live=\"polite\" aria-atomic=\"true\"><\/p> <ul><\/ul><\/div>\n<form action=\"\/pt\/wp-json\/wp\/v2\/pages\/10955#wpcf7-f10974-o2\" method=\"post\" class=\"wpcf7-form init\" aria-label=\"Contact form\" novalidate=\"novalidate\" data-status=\"init\" data-trp-original-action=\"\/pt\/wp-json\/wp\/v2\/pages\/10955#wpcf7-f10974-o2\">\n<fieldset class=\"hidden-fields-container\"><input type=\"hidden\" name=\"_wpcf7\" value=\"10974\" \/><input type=\"hidden\" name=\"_wpcf7_version\" value=\"6.1.5\" \/><input type=\"hidden\" name=\"_wpcf7_locale\" value=\"en_US\" \/><input type=\"hidden\" name=\"_wpcf7_unit_tag\" value=\"wpcf7-f10974-o2\" \/><input type=\"hidden\" name=\"_wpcf7_container_post\" value=\"0\" \/><input type=\"hidden\" name=\"_wpcf7_posted_data_hash\" value=\"\" \/><input type=\"hidden\" name=\"_wpcf7_recaptcha_response\" value=\"\" \/>\n<\/fieldset>\n<p><label> <strong>Nome<\/strong> (obrigat\u00f3rio)<br \/>\n<span class=\"wpcf7-form-control-wrap\" data-name=\"your-name\"><input size=\"40\" maxlength=\"400\" class=\"wpcf7-form-control wpcf7-text wpcf7-validates-as-required\" aria-required=\"true\" aria-invalid=\"false\" value=\"\" type=\"text\" name=\"your-name\" \/><\/span> <\/label>\n<\/p>\n<p><label> <strong>Email<\/strong> (obrigat\u00f3rio)<br \/>\n<span class=\"wpcf7-form-control-wrap\" data-name=\"your-email\"><input size=\"40\" maxlength=\"400\" class=\"wpcf7-form-control wpcf7-email wpcf7-validates-as-required wpcf7-text wpcf7-validates-as-email\" aria-required=\"true\" aria-invalid=\"false\" value=\"\" type=\"email\" name=\"your-email\" \/><\/span> <\/label>\n<\/p>\n<p><label> <strong>Assunto<\/strong><br \/>\n<span class=\"wpcf7-form-control-wrap\" data-name=\"your-subject\"><input size=\"40\" maxlength=\"400\" class=\"wpcf7-form-control wpcf7-text\" aria-invalid=\"false\" value=\"TWH-110\" type=\"text\" name=\"your-subject\" \/><\/span> <\/label>\n<\/p>\n<p><label> <strong>Mensagem<\/strong><br \/>\n<span class=\"wpcf7-form-control-wrap\" data-name=\"your-message\"><textarea cols=\"40\" rows=\"10\" maxlength=\"2000\" class=\"wpcf7-form-control wpcf7-textarea\" aria-invalid=\"false\" name=\"your-message\"><\/textarea><\/span> <\/label>\n<\/p>\n<p><span class=\"wpcf7-form-control-wrap\" data-name=\"privacypolicy\"><span class=\"wpcf7-form-control wpcf7-acceptance\"><span class=\"wpcf7-list-item\"><label><input type=\"checkbox\" name=\"privacypolicy\" value=\"1\" aria-invalid=\"false\" \/><span class=\"wpcf7-list-item-label\">Ao marcar esta caixa, concorda com a recolha e uso dos seus dados pessoais pela EID de acordo com a nossa <a href=\"http:\/\/www.eid.pt\/pt\/who-we-are\/corporate-policies\/\">pol\u00edtica de privacidade<\/a>. A EID utilizar\u00e1 os seus dados pessoais exclusivamente para efeitos de comunica\u00e7\u00e3o consigo e de lhe fornecer as informa\u00e7\u00f5es ou servi\u00e7os que solicitou.<\/span><\/label><\/span><\/span><\/span>\n<\/p>\n<p><input class=\"wpcf7-form-control wpcf7-submit has-spinner\" type=\"submit\" value=\"Send\" \/>\n<\/p><div class=\"wpcf7-response-output\" aria-hidden=\"true\"><\/div>\n<input type=\"hidden\" name=\"trp-form-language\" value=\"pt\"\/><\/form>\n<\/div>\n<\/div><\/div><\/div><\/div><\/div><\/div><\/div><\/div><\/div><\/div><\/section>","protected":false},"excerpt":{"rendered":"Personal Radios TWH-100 Series The TWH-101R and TWH-104R Personal Radios, among the basic features of soldier radios, provide extended features to users such as full duplex audio conference with simultaneous data capability, embedded GPS\/Glonass receiver, multiple PTT buttons for differentiated voice access, stereo operation (right and left separation), VOX, whisper mode, automatic network management for...","protected":false},"author":2,"featured_media":11032,"parent":10692,"menu_order":0,"comment_status":"closed","ping_status":"closed","template":"","meta":{"footnotes":""},"class_list":["post-10955","page","type-page","status-publish","has-post-thumbnail","hentry"],"_links":{"self":[{"href":"https:\/\/www.eid.pt\/pt\/wp-json\/wp\/v2\/pages\/10955","targetHints":{"allow":["GET"]}}],"collection":[{"href":"https:\/\/www.eid.pt\/pt\/wp-json\/wp\/v2\/pages"}],"about":[{"href":"https:\/\/www.eid.pt\/pt\/wp-json\/wp\/v2\/types\/page"}],"author":[{"embeddable":true,"href":"https:\/\/www.eid.pt\/pt\/wp-json\/wp\/v2\/users\/2"}],"replies":[{"embeddable":true,"href":"https:\/\/www.eid.pt\/pt\/wp-json\/wp\/v2\/comments?post=10955"}],"version-history":[{"count":9,"href":"https:\/\/www.eid.pt\/pt\/wp-json\/wp\/v2\/pages\/10955\/revisions"}],"predecessor-version":[{"id":11150,"href":"https:\/\/www.eid.pt\/pt\/wp-json\/wp\/v2\/pages\/10955\/revisions\/11150"}],"up":[{"embeddable":true,"href":"https:\/\/www.eid.pt\/pt\/wp-json\/wp\/v2\/pages\/10692"}],"wp:featuredmedia":[{"embeddable":true,"href":"https:\/\/www.eid.pt\/pt\/wp-json\/wp\/v2\/media\/11032"}],"wp:attachment":[{"href":"https:\/\/www.eid.pt\/pt\/wp-json\/wp\/v2\/media?parent=10955"}],"curies":[{"name":"wp","href":"https:\/\/api.w.org\/{rel}","templated":true}]}}