{"id":10950,"date":"2021-08-02T15:12:18","date_gmt":"2021-08-02T15:12:18","guid":{"rendered":"http:\/\/www.eid.pt\/?page_id=10950"},"modified":"2021-09-02T13:47:25","modified_gmt":"2021-09-02T13:47:25","slug":"switchboard-and-telephones","status":"publish","type":"page","link":"https:\/\/www.eid.pt\/pt\/what-we-do\/land\/switchboard-and-telephones\/","title":{"rendered":"Switchboard and telephones"},"content":{"rendered":"<section class=\"l-section wpb_row us_custom_f5fd5922 height_medium color_primary with_img parallax_ver\"><div class=\"l-section-img\" role=\"img\" aria-label=\"soldiers sat outside of military vehicle using communications radio\" data-img-width=\"1900\" data-img-height=\"1267\" style=\"background-image: url(https:\/\/www.eid.pt\/upoapsee\/2019\/12\/tactical-communications.jpg);\"><\/div><div class=\"l-section-overlay\" style=\"background:rgba(51,51,51,0.75)\"><\/div><div class=\"l-section-h i-cf\"><div class=\"g-cols vc_row via_flex valign_top type_default stacking_default\"><div class=\"vc_col-sm-12 wpb_column vc_column_container\"><div class=\"vc_column-inner\"><div class=\"wpb_wrapper\"><div class=\"wpb_text_column\"><div class=\"wpb_wrapper\"><h1><strong>Central telef\u00f3nica e telefone<\/strong><\/h1>\n<\/div><\/div><\/div><\/div><\/div><\/div><\/div><\/section><section class=\"l-section wpb_row height_auto width_full\"><div class=\"l-section-h i-cf\"><div class=\"g-cols vc_row via_flex valign_middle type_boxes stacking_default\"><div class=\"vc_col-sm-6 wpb_column vc_column_container  has_bg_color\"><div class=\"vc_column-inner us_custom_49d46850 us_animate_this\"><div class=\"wpb_wrapper\"><div class=\"wpb_text_column\"><div class=\"wpb_wrapper\"><h1><strong>CD-116\/IP Central de campanha<\/strong><\/h1>\n<p style=\"text-align: justify;\">O CD-116\/IP \u00e9 um painel de controlo avan\u00e7ado projetado para aplica\u00e7\u00f5es t\u00e1ticas militares que exigem integra\u00e7\u00e3o de comunica\u00e7\u00f5es anal\u00f3gicas e IP de voz e dados em uma solu\u00e7\u00e3o altamente compacta e de implanta\u00e7\u00e3o r\u00e1pida.<\/p>\n<p style=\"text-align: justify;\">Com arquitetura modular, a solu\u00e7\u00e3o oferece acessibilidade completa ao sistema por meio de conectores frontais e traseiros e postes de liga\u00e7\u00e3o. O Terminal do Operador \u00e9 integrado ao painel frontal e inclui um display VF alfanum\u00e9rico, um teclado e o conector de \u00e1udio do monofone\/fone de ouvido do operador.<\/p>\n<p style=\"text-align: justify;\">O CD-116\/IP atende a todos os requisitos operacionais e mec\u00e2nicos de opera\u00e7\u00e3o em ambiente de campo. Seu pequeno tamanho e baixo peso, juntamente com suas propriedades inerentes de prontid\u00e3o para comunica\u00e7\u00e3o, tornam-no particularmente adequado quando est\u00e3o em jogo mobilidade, confiabilidade e facilidade de manuten\u00e7\u00e3o.<\/p>\n<\/div><\/div><div class=\"w-separator size_small\"><\/div><div class=\"w-popup w-btn-wrapper align_none\"><button class=\"w-popup-trigger type_btn w-btn us-btn-style_1\" aria-label=\"Solicite mais informa\u00e7\u00f5es\" type=\"button\"><span class=\"w-btn-label\">Solicite mais informa\u00e7\u00f5es<\/span><\/button><div class=\"w-popup-overlay\" style=\"background:rgba(0,0,0,0.85);\"><\/div><div class=\"w-popup-wrap layout_default\" role=\"dialog\" aria-modal=\"true\" aria-label=\"Popup\" style=\"--title-color:var(--color-content-heading);--title-bg-color:var(--color-content-bg-alt);--content-color:var(--color-content-text);--content-bg-color:var(--color-content-bg);--popup-width:600px;--popup-padding:5%;\"><button aria-label=\"Fechar\" class=\"w-popup-closer\" type=\"button\"><\/button><div class=\"w-popup-box animation_fadeIn closerpos_outside with_title\"><div class=\"w-popup-box-h\"><div class=\"w-popup-box-title\">CD-116\/IP Central de campanha<\/div><div class=\"w-popup-box-content\"><div class=\"wpcf7 no-js\" id=\"wpcf7-f10977-o1\" lang=\"en-US\" dir=\"ltr\" data-wpcf7-id=\"10977\">\n<div class=\"screen-reader-response\"><p role=\"status\" aria-live=\"polite\" aria-atomic=\"true\"><\/p> <ul><\/ul><\/div>\n<form action=\"\/pt\/wp-json\/wp\/v2\/pages\/10950#wpcf7-f10977-o1\" method=\"post\" class=\"wpcf7-form init\" aria-label=\"Contact form\" novalidate=\"novalidate\" data-status=\"init\" data-trp-original-action=\"\/pt\/wp-json\/wp\/v2\/pages\/10950#wpcf7-f10977-o1\">\n<fieldset class=\"hidden-fields-container\"><input type=\"hidden\" name=\"_wpcf7\" value=\"10977\" \/><input type=\"hidden\" name=\"_wpcf7_version\" value=\"6.1.5\" \/><input type=\"hidden\" name=\"_wpcf7_locale\" value=\"en_US\" \/><input type=\"hidden\" name=\"_wpcf7_unit_tag\" value=\"wpcf7-f10977-o1\" \/><input type=\"hidden\" name=\"_wpcf7_container_post\" value=\"0\" \/><input type=\"hidden\" name=\"_wpcf7_posted_data_hash\" value=\"\" \/><input type=\"hidden\" name=\"_wpcf7_recaptcha_response\" value=\"\" \/>\n<\/fieldset>\n<p><label> <strong>Nome<\/strong> (obrigat\u00f3rio)<br \/>\n<span class=\"wpcf7-form-control-wrap\" data-name=\"your-name\"><input size=\"40\" maxlength=\"400\" class=\"wpcf7-form-control wpcf7-text wpcf7-validates-as-required\" aria-required=\"true\" aria-invalid=\"false\" value=\"\" type=\"text\" name=\"your-name\" \/><\/span> <\/label>\n<\/p>\n<p><label> <strong>Email<\/strong> (obrigat\u00f3rio)<br \/>\n<span class=\"wpcf7-form-control-wrap\" data-name=\"your-email\"><input size=\"40\" maxlength=\"400\" class=\"wpcf7-form-control wpcf7-email wpcf7-validates-as-required wpcf7-text wpcf7-validates-as-email\" aria-required=\"true\" aria-invalid=\"false\" value=\"\" type=\"email\" name=\"your-email\" \/><\/span> <\/label>\n<\/p>\n<p><label> <strong>Assunto<\/strong><br \/>\n<span class=\"wpcf7-form-control-wrap\" data-name=\"your-subject\"><input size=\"40\" maxlength=\"400\" class=\"wpcf7-form-control wpcf7-text\" aria-invalid=\"false\" value=\"CD-116 Field Switchboard\" type=\"text\" name=\"your-subject\" \/><\/span> <\/label>\n<\/p>\n<p><label> <strong>Mensagem<\/strong><br \/>\n<span class=\"wpcf7-form-control-wrap\" data-name=\"your-message\"><textarea cols=\"40\" rows=\"10\" maxlength=\"2000\" class=\"wpcf7-form-control wpcf7-textarea\" aria-invalid=\"false\" name=\"your-message\"><\/textarea><\/span> <\/label>\n<\/p>\n<p><span class=\"wpcf7-form-control-wrap\" data-name=\"privacypolicy\"><span class=\"wpcf7-form-control wpcf7-acceptance\"><span class=\"wpcf7-list-item\"><label><input type=\"checkbox\" name=\"privacypolicy\" value=\"1\" aria-invalid=\"false\" \/><span class=\"wpcf7-list-item-label\">Ao marcar esta caixa, concorda com a recolha e uso dos seus dados pessoais pela EID de acordo com a nossa <a href=\"http:\/\/www.eid.pt\/pt\/who-we-are\/corporate-policies\/\">pol\u00edtica de privacidade<\/a>. A EID utilizar\u00e1 os seus dados pessoais exclusivamente para efeitos de comunica\u00e7\u00e3o consigo e de lhe fornecer as informa\u00e7\u00f5es ou servi\u00e7os que solicitou.<\/span><\/label><\/span><\/span><\/span>\n<\/p>\n<p><input class=\"wpcf7-form-control wpcf7-submit has-spinner\" type=\"submit\" value=\"Send\" \/>\n<\/p><div class=\"wpcf7-response-output\" aria-hidden=\"true\"><\/div>\n<input type=\"hidden\" name=\"trp-form-language\" value=\"pt\"\/><\/form>\n<\/div>\n<\/div><\/div><\/div><\/div><\/div><\/div><\/div><\/div><div class=\"vc_col-sm-6 wpb_column vc_column_container  has_bg_color\"><div class=\"vc_column-inner us_custom_4bfe1f32 us_animate_this\"><div class=\"wpb_wrapper\"><div class=\"w-separator size_custom\" style=\"height:400px\"><\/div><\/div><\/div><\/div><\/div><\/div><\/section><section class=\"l-section wpb_row height_auto width_full\"><div class=\"l-section-h i-cf\"><div class=\"g-cols vc_row via_flex valign_middle type_boxes reversed stacking_default\"><div class=\"vc_col-sm-6 wpb_column vc_column_container  has_bg_color\"><div class=\"vc_column-inner us_custom_5371c6e4 us_animate_this\"><div class=\"wpb_wrapper\"><div class=\"w-separator us_custom_7e20fa79 us_animate_this size_custom\" style=\"height:400px\"><\/div><\/div><\/div><\/div><div class=\"vc_col-sm-6 wpb_column vc_column_container  has_bg_color\"><div class=\"vc_column-inner us_custom_70b3d90b us_animate_this\"><div class=\"wpb_wrapper\"><div class=\"wpb_text_column\"><div class=\"wpb_wrapper\"><h1><strong>BLC-201 Telefone de campanha<\/strong><\/h1>\n<p style=\"text-align: justify;\">O Telefone de Campo BLC-201 \u00e9 um aparelho telef\u00f4nico anal\u00f3gico robusto, leve e \u00e0 prova de \u00e1gua, projetado de acordo com requisitos militares e adequado para conex\u00e3o a centrais manuais (magneto) ou autom\u00e1ticas de 2 fios, a um telefone similar ou diretamente \u00e0 rede telef\u00f3nica p\u00fablica (PSTN).<\/p>\n<p style=\"text-align: justify;\">O conceito de eletr\u00f4nica telef\u00f4nica \u00e9 baseado na tecnologia DSP e utiliza um gerador de toque eletr\u00f4nico de alta efici\u00eancia para garantir baixo consumo de energia e longa vida \u00fatil da bateria; pode operar nos modos Bateria Comum (CB), Sinaliza\u00e7\u00e3o de Bateria Comum (CBS) e Bateria Local (LB), conforme selecionado pelo usu\u00e1rio. Ao operar nos modos LB ou CBS, o telefone de campo BLC-201 \u00e9 alimentado por um conjunto de quatro c\u00e9lulas de bateria Ni-MH recarreg\u00e1veis ou alcalinas tamanho \u2018C\u2019 (IEC-LR14). As baterias n\u00e3o s\u00e3o necess\u00e1rias no modo CB.<\/p>\n<p style=\"text-align: justify;\">Um monofone fino e leve de padr\u00e3o militar com bot\u00e3o push-to-talk permite f\u00e1cil opera\u00e7\u00e3o mesmo por pessoas que usam capacetes. Chamadas silenciosas s\u00e3o permitidas com amplifica\u00e7\u00e3o extra do microfone, selecionando o modo de opera\u00e7\u00e3o \u2018sussurro\u2019.<\/p>\n<\/div><\/div><div class=\"w-separator size_small\"><\/div><div class=\"w-popup w-btn-wrapper align_none\"><button class=\"w-popup-trigger type_btn w-btn us-btn-style_1\" aria-label=\"Solicite mais informa\u00e7\u00f5es\" type=\"button\"><span class=\"w-btn-label\">Solicite mais informa\u00e7\u00f5es<\/span><\/button><div class=\"w-popup-overlay\" style=\"background:rgba(0,0,0,0.85);\"><\/div><div class=\"w-popup-wrap layout_default\" role=\"dialog\" aria-modal=\"true\" aria-label=\"Popup\" style=\"--title-color:var(--color-content-heading);--title-bg-color:var(--color-content-bg-alt);--content-color:var(--color-content-text);--content-bg-color:var(--color-content-bg);--popup-width:600px;--popup-padding:5%;\"><button aria-label=\"Fechar\" class=\"w-popup-closer\" type=\"button\"><\/button><div class=\"w-popup-box animation_fadeIn closerpos_outside with_title\"><div class=\"w-popup-box-h\"><div class=\"w-popup-box-title\">BLC-201 Telefone de campanha<\/div><div class=\"w-popup-box-content\"><div class=\"wpcf7 no-js\" id=\"wpcf7-f10978-o2\" lang=\"en-US\" dir=\"ltr\" data-wpcf7-id=\"10978\">\n<div class=\"screen-reader-response\"><p role=\"status\" aria-live=\"polite\" aria-atomic=\"true\"><\/p> <ul><\/ul><\/div>\n<form action=\"\/pt\/wp-json\/wp\/v2\/pages\/10950#wpcf7-f10978-o2\" method=\"post\" class=\"wpcf7-form init\" aria-label=\"Contact form\" novalidate=\"novalidate\" data-status=\"init\" data-trp-original-action=\"\/pt\/wp-json\/wp\/v2\/pages\/10950#wpcf7-f10978-o2\">\n<fieldset class=\"hidden-fields-container\"><input type=\"hidden\" name=\"_wpcf7\" value=\"10978\" \/><input type=\"hidden\" name=\"_wpcf7_version\" value=\"6.1.5\" \/><input type=\"hidden\" name=\"_wpcf7_locale\" value=\"en_US\" \/><input type=\"hidden\" name=\"_wpcf7_unit_tag\" value=\"wpcf7-f10978-o2\" \/><input type=\"hidden\" name=\"_wpcf7_container_post\" value=\"0\" \/><input type=\"hidden\" name=\"_wpcf7_posted_data_hash\" value=\"\" \/><input type=\"hidden\" name=\"_wpcf7_recaptcha_response\" value=\"\" \/>\n<\/fieldset>\n<p><label> <strong>Nome<\/strong> (obrigat\u00f3rio)<br \/>\n<span class=\"wpcf7-form-control-wrap\" data-name=\"your-name\"><input size=\"40\" maxlength=\"400\" class=\"wpcf7-form-control wpcf7-text wpcf7-validates-as-required\" aria-required=\"true\" aria-invalid=\"false\" value=\"\" type=\"text\" name=\"your-name\" \/><\/span> <\/label>\n<\/p>\n<p><label> <strong>Email<\/strong> (obrigat\u00f3rio)<br \/>\n<span class=\"wpcf7-form-control-wrap\" data-name=\"your-email\"><input size=\"40\" maxlength=\"400\" class=\"wpcf7-form-control wpcf7-email wpcf7-validates-as-required wpcf7-text wpcf7-validates-as-email\" aria-required=\"true\" aria-invalid=\"false\" value=\"\" type=\"email\" name=\"your-email\" \/><\/span> <\/label>\n<\/p>\n<p><label> <strong>Assunto<\/strong><br \/>\n<span class=\"wpcf7-form-control-wrap\" data-name=\"your-subject\"><input size=\"40\" maxlength=\"400\" class=\"wpcf7-form-control wpcf7-text\" aria-invalid=\"false\" value=\"BLC-201 Field Telephone\" type=\"text\" name=\"your-subject\" \/><\/span> <\/label>\n<\/p>\n<p><label> <strong>Mensagem<\/strong><br \/>\n<span class=\"wpcf7-form-control-wrap\" data-name=\"your-message\"><textarea cols=\"40\" rows=\"10\" maxlength=\"2000\" class=\"wpcf7-form-control wpcf7-textarea\" aria-invalid=\"false\" name=\"your-message\"><\/textarea><\/span> <\/label>\n<\/p>\n<p><span class=\"wpcf7-form-control-wrap\" data-name=\"privacypolicy\"><span class=\"wpcf7-form-control wpcf7-acceptance\"><span class=\"wpcf7-list-item\"><label><input type=\"checkbox\" name=\"privacypolicy\" value=\"1\" aria-invalid=\"false\" \/><span class=\"wpcf7-list-item-label\">Ao marcar esta caixa, concorda com a recolha e uso dos seus dados pessoais pela EID de acordo com a nossa <a href=\"http:\/\/www.eid.pt\/pt\/who-we-are\/corporate-policies\/\">pol\u00edtica de privacidade<\/a>. A EID utilizar\u00e1 os seus dados pessoais exclusivamente para efeitos de comunica\u00e7\u00e3o consigo e de lhe fornecer as informa\u00e7\u00f5es ou servi\u00e7os que solicitou.<\/span><\/label><\/span><\/span><\/span>\n<\/p>\n<p><input class=\"wpcf7-form-control wpcf7-submit has-spinner\" type=\"submit\" value=\"Send\" \/>\n<\/p><div class=\"wpcf7-response-output\" aria-hidden=\"true\"><\/div>\n<input type=\"hidden\" name=\"trp-form-language\" value=\"pt\"\/><\/form>\n<\/div>\n<\/div><\/div><\/div><\/div><\/div><\/div><\/div><\/div><\/div><\/div><\/section>","protected":false},"excerpt":{"rendered":"Switchboard and Telephones CD-116\/IP Field Switchboard The CD-116\/IP is an advanced switchboard designed for military tactical applications requiring integration of analogue and IP voice and data communications in a highly compact and fast deployable solution. With a modular architecture, the solution provides complete system accessibility through front and rear connectors and binding posts. The Operator...","protected":false},"author":2,"featured_media":11035,"parent":10692,"menu_order":0,"comment_status":"closed","ping_status":"closed","template":"","meta":{"footnotes":""},"class_list":["post-10950","page","type-page","status-publish","has-post-thumbnail","hentry"],"_links":{"self":[{"href":"https:\/\/www.eid.pt\/pt\/wp-json\/wp\/v2\/pages\/10950","targetHints":{"allow":["GET"]}}],"collection":[{"href":"https:\/\/www.eid.pt\/pt\/wp-json\/wp\/v2\/pages"}],"about":[{"href":"https:\/\/www.eid.pt\/pt\/wp-json\/wp\/v2\/types\/page"}],"author":[{"embeddable":true,"href":"https:\/\/www.eid.pt\/pt\/wp-json\/wp\/v2\/users\/2"}],"replies":[{"embeddable":true,"href":"https:\/\/www.eid.pt\/pt\/wp-json\/wp\/v2\/comments?post=10950"}],"version-history":[{"count":8,"href":"https:\/\/www.eid.pt\/pt\/wp-json\/wp\/v2\/pages\/10950\/revisions"}],"predecessor-version":[{"id":11152,"href":"https:\/\/www.eid.pt\/pt\/wp-json\/wp\/v2\/pages\/10950\/revisions\/11152"}],"up":[{"embeddable":true,"href":"https:\/\/www.eid.pt\/pt\/wp-json\/wp\/v2\/pages\/10692"}],"wp:featuredmedia":[{"embeddable":true,"href":"https:\/\/www.eid.pt\/pt\/wp-json\/wp\/v2\/media\/11035"}],"wp:attachment":[{"href":"https:\/\/www.eid.pt\/pt\/wp-json\/wp\/v2\/media?parent=10950"}],"curies":[{"name":"wp","href":"https:\/\/api.w.org\/{rel}","templated":true}]}}