{"id":10944,"date":"2021-08-02T14:44:00","date_gmt":"2021-08-02T14:44:00","guid":{"rendered":"http:\/\/www.eid.pt\/?page_id=10944"},"modified":"2021-09-02T13:47:47","modified_gmt":"2021-09-02T13:47:47","slug":"vehicular-intercoms","status":"publish","type":"page","link":"https:\/\/www.eid.pt\/pt\/what-we-do\/land\/vehicular-intercoms\/","title":{"rendered":"Intercomunicadores veiculares"},"content":{"rendered":"<section class=\"l-section wpb_row us_custom_f5fd5922 height_medium color_secondary with_img parallax_ver\"><div class=\"l-section-img\" role=\"img\" aria-label=\"soldiers sat in a military vehicle, one solider is using a headset microphone\" data-img-width=\"1920\" data-img-height=\"1280\" style=\"background-image: url(https:\/\/www.eid.pt\/upoapsee\/2021\/08\/vehicleintercoms.jpg);\"><\/div><div class=\"l-section-overlay\" style=\"background:rgba(51,51,51,0.75)\"><\/div><div class=\"l-section-h i-cf\"><div class=\"g-cols vc_row via_flex valign_top type_default stacking_default\"><div class=\"vc_col-sm-12 wpb_column vc_column_container\"><div class=\"vc_column-inner\"><div class=\"wpb_wrapper\"><div class=\"wpb_text_column\"><div class=\"wpb_wrapper\"><h1><strong>Intercomunicadores veiculares<\/strong><\/h1>\n<\/div><\/div><\/div><\/div><\/div><\/div><\/div><\/section><section class=\"l-section wpb_row height_auto width_full\"><div class=\"l-section-h i-cf\"><div class=\"g-cols vc_row via_flex valign_middle type_boxes stacking_default\"><div class=\"vc_col-sm-6 wpb_column vc_column_container  has_bg_color\"><div class=\"vc_column-inner us_custom_49d46850 us_animate_this\"><div class=\"wpb_wrapper\"><div class=\"wpb_text_column\"><div class=\"wpb_wrapper\"><h1><strong>ICC-401<\/strong><\/h1>\n<p style=\"text-align: justify;\">O ICC-401 da EID \u00e9 um sistema de intercomunica\u00e7\u00e3o de nova gera\u00e7\u00e3o com n\u00edveis sem precedentes de funcionalidade, capacidade de sobreviv\u00eancia e flexibilidade. Baseado em um conceito totalmente IP, o ICC-401 oferece uma plataforma de comunica\u00e7\u00f5es de alt\u00edssimo desempenho e custo-benef\u00edcio, adaptada para atender \u00e0s necessidades mais exigentes dos clientes em uma arquitetura muito compacta.<\/p>\n<p style=\"text-align: justify;\">O ICC-401 \u00e9 independente de r\u00e1dio, permitindo uma integra\u00e7\u00e3o perfeita de r\u00e1dios legados, r\u00e1dios definidos por software (SDR) de alta capacidade, r\u00e1dios pessoais e satcom, em um sistema de comunica\u00e7\u00f5es coerente.<\/p>\n<p style=\"text-align: justify;\">O sistema de intercomunica\u00e7\u00e3o t\u00e1tico de nova gera\u00e7\u00e3o ICC-401 da EID desempenha um papel importante na melhoria dos sistemas C4ISR em conformidade com os princ\u00edpios do padr\u00e3o NATO Generic Vehicle Architecture (NGVA) (STANAG 4754), permitindo interoperabilidade entre equipamentos de diferentes fabricantes, baixo SWaP e custos reduzidos.<\/p>\n<\/div><\/div><div class=\"w-separator size_small\"><\/div><div class=\"w-popup w-btn-wrapper align_none\"><button class=\"w-popup-trigger type_btn w-btn us-btn-style_1\" aria-label=\"Solicite mais informa\u00e7\u00f5es\" type=\"button\"><span class=\"w-btn-label\">Solicite mais informa\u00e7\u00f5es<\/span><\/button><div class=\"w-popup-overlay\" style=\"background:rgba(0,0,0,0.85);\"><\/div><div class=\"w-popup-wrap layout_default\" role=\"dialog\" aria-modal=\"true\" aria-label=\"Popup\" style=\"--title-color:var(--color-content-heading);--title-bg-color:var(--color-content-bg-alt);--content-color:var(--color-content-text);--content-bg-color:var(--color-content-bg);--popup-width:600px;--popup-padding:5%;\"><button aria-label=\"Fechar\" class=\"w-popup-closer\" type=\"button\"><\/button><div class=\"w-popup-box animation_fadeIn closerpos_outside with_title\"><div class=\"w-popup-box-h\"><div class=\"w-popup-box-title\">ICC-401<\/div><div class=\"w-popup-box-content\"><div class=\"wpcf7 no-js\" id=\"wpcf7-f10980-o1\" lang=\"en-US\" dir=\"ltr\" data-wpcf7-id=\"10980\">\n<div class=\"screen-reader-response\"><p role=\"status\" aria-live=\"polite\" aria-atomic=\"true\"><\/p> <ul><\/ul><\/div>\n<form action=\"\/pt\/wp-json\/wp\/v2\/pages\/10944#wpcf7-f10980-o1\" method=\"post\" class=\"wpcf7-form init\" aria-label=\"Contact form\" novalidate=\"novalidate\" data-status=\"init\" data-trp-original-action=\"\/pt\/wp-json\/wp\/v2\/pages\/10944#wpcf7-f10980-o1\">\n<fieldset class=\"hidden-fields-container\"><input type=\"hidden\" name=\"_wpcf7\" value=\"10980\" \/><input type=\"hidden\" name=\"_wpcf7_version\" value=\"6.1.5\" \/><input type=\"hidden\" name=\"_wpcf7_locale\" value=\"en_US\" \/><input type=\"hidden\" name=\"_wpcf7_unit_tag\" value=\"wpcf7-f10980-o1\" \/><input type=\"hidden\" name=\"_wpcf7_container_post\" value=\"0\" \/><input type=\"hidden\" name=\"_wpcf7_posted_data_hash\" value=\"\" \/><input type=\"hidden\" name=\"_wpcf7_recaptcha_response\" value=\"\" \/>\n<\/fieldset>\n<p><label> <strong>Nome<\/strong> (obrigat\u00f3rio)<br \/>\n<span class=\"wpcf7-form-control-wrap\" data-name=\"your-name\"><input size=\"40\" maxlength=\"400\" class=\"wpcf7-form-control wpcf7-text wpcf7-validates-as-required\" aria-required=\"true\" aria-invalid=\"false\" value=\"\" type=\"text\" name=\"your-name\" \/><\/span> <\/label>\n<\/p>\n<p><label> <strong>Email<\/strong> (obrigat\u00f3rio)<br \/>\n<span class=\"wpcf7-form-control-wrap\" data-name=\"your-email\"><input size=\"40\" maxlength=\"400\" class=\"wpcf7-form-control wpcf7-email wpcf7-validates-as-required wpcf7-text wpcf7-validates-as-email\" aria-required=\"true\" aria-invalid=\"false\" value=\"\" type=\"email\" name=\"your-email\" \/><\/span> <\/label>\n<\/p>\n<p><label> <strong>Assunto<\/strong><br \/>\n<span class=\"wpcf7-form-control-wrap\" data-name=\"your-subject\"><input size=\"40\" maxlength=\"400\" class=\"wpcf7-form-control wpcf7-text\" aria-invalid=\"false\" value=\"ICC-401\" type=\"text\" name=\"your-subject\" \/><\/span> <\/label>\n<\/p>\n<p><label> <strong>Mensagem<\/strong><br \/>\n<span class=\"wpcf7-form-control-wrap\" data-name=\"your-message\"><textarea cols=\"40\" rows=\"10\" maxlength=\"2000\" class=\"wpcf7-form-control wpcf7-textarea\" aria-invalid=\"false\" name=\"your-message\"><\/textarea><\/span> <\/label>\n<\/p>\n<p><span class=\"wpcf7-form-control-wrap\" data-name=\"privacypolicy\"><span class=\"wpcf7-form-control wpcf7-acceptance\"><span class=\"wpcf7-list-item\"><label><input type=\"checkbox\" name=\"privacypolicy\" value=\"1\" aria-invalid=\"false\" \/><span class=\"wpcf7-list-item-label\">Ao marcar esta caixa, concorda com a recolha e uso dos seus dados pessoais pela EID de acordo com a nossa <a href=\"http:\/\/www.eid.pt\/pt\/who-we-are\/corporate-policies\/\">pol\u00edtica de privacidade<\/a>. A EID utilizar\u00e1 os seus dados pessoais exclusivamente para efeitos de comunica\u00e7\u00e3o consigo e de lhe fornecer as informa\u00e7\u00f5es ou servi\u00e7os que solicitou.<\/span><\/label><\/span><\/span><\/span>\n<\/p>\n<p><input class=\"wpcf7-form-control wpcf7-submit has-spinner\" type=\"submit\" value=\"Send\" \/>\n<\/p><div class=\"wpcf7-response-output\" aria-hidden=\"true\"><\/div>\n<input type=\"hidden\" name=\"trp-form-language\" value=\"pt\"\/><\/form>\n<\/div>\n<\/div><\/div><\/div><\/div><\/div><\/div><\/div><\/div><div class=\"vc_col-sm-6 wpb_column vc_column_container  has_bg_color\"><div class=\"vc_column-inner us_custom_095e0ca4 us_animate_this\"><div class=\"wpb_wrapper\"><div class=\"w-separator size_custom\" style=\"height:400px\"><\/div><\/div><\/div><\/div><\/div><\/div><\/section><section class=\"l-section wpb_row height_auto width_full\"><div class=\"l-section-h i-cf\"><div class=\"g-cols vc_row via_flex valign_middle type_boxes reversed stacking_default\"><div class=\"vc_col-sm-6 wpb_column vc_column_container  has_bg_color\"><div class=\"vc_column-inner us_custom_7250a9f3 us_animate_this\"><div class=\"wpb_wrapper\"><div class=\"w-separator size_custom\" style=\"height:400px\"><\/div><\/div><\/div><\/div><div class=\"vc_col-sm-6 wpb_column vc_column_container  has_bg_color\"><div class=\"vc_column-inner us_custom_70b3d90b us_animate_this\"><div class=\"wpb_wrapper\"><div class=\"wpb_text_column\"><div class=\"wpb_wrapper\"><h1><strong>ICC-251<\/strong><\/h1>\n<p style=\"text-align: justify;\">O ICC-251 \u00e9 um Sistema Compacto de Intercomunica\u00e7\u00e3o Digital que proporciona comunica\u00e7\u00e3o de voz e dados entre tripulantes de ve\u00edculos blindados, bem como seu acesso aos canais de radiocomunica\u00e7\u00e3o disponibilizados atrav\u00e9s dos equipamentos instalados a bordo. O sistema tamb\u00e9m \u00e9 adequado para barcos de patrulha r\u00e1pidos, pequenas embarca\u00e7\u00f5es e abrigos.<\/p>\n<p style=\"text-align: justify;\">O sistema \u00e9 composto pela Unidade Central IC-251 e uma variedade de terminais de usu\u00e1rio e acess\u00f3rios. O design do IC-251 fornece na mesma unidade as funcionalidades da Unidade Central e do Terminal Comandante.<\/p>\n<p style=\"text-align: justify;\">O sistema \u00e9 compat\u00edvel com equipamentos de r\u00e1dio de todos os principais fornecedores, suportando recursos de r\u00e1dio como servi\u00e7os de voz e dados, bem como controle remoto (quando dispon\u00edvel). O cen\u00e1rio operacional do ICC-251 pode ser customizado de acordo com a necessidade do utilizador por meio de uma ferramenta de configura\u00e7\u00e3o de software executada num computador port\u00e1til.<\/p>\n<\/div><\/div><div class=\"w-separator size_small\"><\/div><div class=\"w-popup w-btn-wrapper align_none\"><button class=\"w-popup-trigger type_btn w-btn us-btn-style_1\" aria-label=\"Solicite mais informa\u00e7\u00f5es\" type=\"button\"><span class=\"w-btn-label\">Solicite mais informa\u00e7\u00f5es<\/span><\/button><div class=\"w-popup-overlay\" style=\"background:rgba(0,0,0,0.85);\"><\/div><div class=\"w-popup-wrap layout_default\" role=\"dialog\" aria-modal=\"true\" aria-label=\"Popup\" style=\"--title-color:var(--color-content-heading);--title-bg-color:var(--color-content-bg-alt);--content-color:var(--color-content-text);--content-bg-color:var(--color-content-bg);--popup-width:600px;--popup-padding:5%;\"><button aria-label=\"Fechar\" class=\"w-popup-closer\" type=\"button\"><\/button><div class=\"w-popup-box animation_fadeIn closerpos_outside with_title\"><div class=\"w-popup-box-h\"><div class=\"w-popup-box-title\">ICC-251<\/div><div class=\"w-popup-box-content\"><div class=\"wpcf7 no-js\" id=\"wpcf7-f10981-o2\" lang=\"en-US\" dir=\"ltr\" data-wpcf7-id=\"10981\">\n<div class=\"screen-reader-response\"><p role=\"status\" aria-live=\"polite\" aria-atomic=\"true\"><\/p> <ul><\/ul><\/div>\n<form action=\"\/pt\/wp-json\/wp\/v2\/pages\/10944#wpcf7-f10981-o2\" method=\"post\" class=\"wpcf7-form init\" aria-label=\"Contact form\" novalidate=\"novalidate\" data-status=\"init\" data-trp-original-action=\"\/pt\/wp-json\/wp\/v2\/pages\/10944#wpcf7-f10981-o2\">\n<fieldset class=\"hidden-fields-container\"><input type=\"hidden\" name=\"_wpcf7\" value=\"10981\" \/><input type=\"hidden\" name=\"_wpcf7_version\" value=\"6.1.5\" \/><input type=\"hidden\" name=\"_wpcf7_locale\" value=\"en_US\" \/><input type=\"hidden\" name=\"_wpcf7_unit_tag\" value=\"wpcf7-f10981-o2\" \/><input type=\"hidden\" name=\"_wpcf7_container_post\" value=\"0\" \/><input type=\"hidden\" name=\"_wpcf7_posted_data_hash\" value=\"\" \/><input type=\"hidden\" name=\"_wpcf7_recaptcha_response\" value=\"\" \/>\n<\/fieldset>\n<p><label> <strong>Nome<\/strong> (obrigat\u00f3rio)<br \/>\n<span class=\"wpcf7-form-control-wrap\" data-name=\"your-name\"><input size=\"40\" maxlength=\"400\" class=\"wpcf7-form-control wpcf7-text wpcf7-validates-as-required\" aria-required=\"true\" aria-invalid=\"false\" value=\"\" type=\"text\" name=\"your-name\" \/><\/span> <\/label>\n<\/p>\n<p><label> <strong>Email<\/strong> (obrigat\u00f3rio)<br \/>\n<span class=\"wpcf7-form-control-wrap\" data-name=\"your-email\"><input size=\"40\" maxlength=\"400\" class=\"wpcf7-form-control wpcf7-email wpcf7-validates-as-required wpcf7-text wpcf7-validates-as-email\" aria-required=\"true\" aria-invalid=\"false\" value=\"\" type=\"email\" name=\"your-email\" \/><\/span> <\/label>\n<\/p>\n<p><label> <strong>Assunto<\/strong><br \/>\n<span class=\"wpcf7-form-control-wrap\" data-name=\"your-subject\"><input size=\"40\" maxlength=\"400\" class=\"wpcf7-form-control wpcf7-text\" aria-invalid=\"false\" value=\"ICC-251\" type=\"text\" name=\"your-subject\" \/><\/span> <\/label>\n<\/p>\n<p><label> <strong>Mensagem<\/strong><br \/>\n<span class=\"wpcf7-form-control-wrap\" data-name=\"your-message\"><textarea cols=\"40\" rows=\"10\" maxlength=\"2000\" class=\"wpcf7-form-control wpcf7-textarea\" aria-invalid=\"false\" name=\"your-message\"><\/textarea><\/span> <\/label>\n<\/p>\n<p><span class=\"wpcf7-form-control-wrap\" data-name=\"privacypolicy\"><span class=\"wpcf7-form-control wpcf7-acceptance\"><span class=\"wpcf7-list-item\"><label><input type=\"checkbox\" name=\"privacypolicy\" value=\"1\" aria-invalid=\"false\" \/><span class=\"wpcf7-list-item-label\">Ao marcar esta caixa, concorda com a recolha e uso dos seus dados pessoais pela EID de acordo com a nossa <a href=\"http:\/\/www.eid.pt\/pt\/who-we-are\/corporate-policies\/\">pol\u00edtica de privacidade<\/a>. A EID utilizar\u00e1 os seus dados pessoais exclusivamente para efeitos de comunica\u00e7\u00e3o consigo e de lhe fornecer as informa\u00e7\u00f5es ou servi\u00e7os que solicitou.<\/span><\/label><\/span><\/span><\/span>\n<\/p>\n<p><input class=\"wpcf7-form-control wpcf7-submit has-spinner\" type=\"submit\" value=\"Send\" \/>\n<\/p><div class=\"wpcf7-response-output\" aria-hidden=\"true\"><\/div>\n<input type=\"hidden\" name=\"trp-form-language\" value=\"pt\"\/><\/form>\n<\/div>\n<\/div><\/div><\/div><\/div><\/div><\/div><\/div><\/div><\/div><\/div><\/section>","protected":false},"excerpt":{"rendered":"Vehicular Intercoms ICC-401 EID&#8217;s ICC-401 is a new generation intercom system with unprecedented levels of functionality, survivability and flexibility. Based on a fully IP concept, the ICC-401 offers a very high performance and cost efective communications platform, tailored to meet the most demanding customer needs in a very compact architecture. ICC-401 is radio agnostic, allowing...","protected":false},"author":2,"featured_media":11034,"parent":10692,"menu_order":0,"comment_status":"closed","ping_status":"closed","template":"","meta":{"footnotes":""},"class_list":["post-10944","page","type-page","status-publish","has-post-thumbnail","hentry"],"_links":{"self":[{"href":"https:\/\/www.eid.pt\/pt\/wp-json\/wp\/v2\/pages\/10944","targetHints":{"allow":["GET"]}}],"collection":[{"href":"https:\/\/www.eid.pt\/pt\/wp-json\/wp\/v2\/pages"}],"about":[{"href":"https:\/\/www.eid.pt\/pt\/wp-json\/wp\/v2\/types\/page"}],"author":[{"embeddable":true,"href":"https:\/\/www.eid.pt\/pt\/wp-json\/wp\/v2\/users\/2"}],"replies":[{"embeddable":true,"href":"https:\/\/www.eid.pt\/pt\/wp-json\/wp\/v2\/comments?post=10944"}],"version-history":[{"count":9,"href":"https:\/\/www.eid.pt\/pt\/wp-json\/wp\/v2\/pages\/10944\/revisions"}],"predecessor-version":[{"id":11153,"href":"https:\/\/www.eid.pt\/pt\/wp-json\/wp\/v2\/pages\/10944\/revisions\/11153"}],"up":[{"embeddable":true,"href":"https:\/\/www.eid.pt\/pt\/wp-json\/wp\/v2\/pages\/10692"}],"wp:featuredmedia":[{"embeddable":true,"href":"https:\/\/www.eid.pt\/pt\/wp-json\/wp\/v2\/media\/11034"}],"wp:attachment":[{"href":"https:\/\/www.eid.pt\/pt\/wp-json\/wp\/v2\/media?parent=10944"}],"curies":[{"name":"wp","href":"https:\/\/api.w.org\/{rel}","templated":true}]}}