{"id":10929,"date":"2021-08-02T11:28:53","date_gmt":"2021-08-02T11:28:53","guid":{"rendered":"http:\/\/www.eid.pt\/?page_id=10929"},"modified":"2023-07-17T15:56:20","modified_gmt":"2023-07-17T15:56:20","slug":"governance","status":"publish","type":"page","link":"https:\/\/www.eid.pt\/pt\/who-we-are\/governance\/","title":{"rendered":"Governan\u00e7a"},"content":{"rendered":"<section class=\"l-section wpb_row us_custom_f5fd5922 height_medium color_primary with_img\"><div class=\"l-section-img\" role=\"img\" aria-label=\"Imagem\" data-img-width=\"1920\" data-img-height=\"899\" style=\"background-image: url(https:\/\/www.eid.pt\/upoapsee\/2021\/06\/businessman-draw-growth-graph-progress-business-analyzing-financial-2.jpg);\"><\/div><div class=\"l-section-overlay\" style=\"background:rgba(51,51,51,0.80)\"><\/div><div class=\"l-section-h i-cf\"><div class=\"g-cols vc_row via_flex valign_middle type_default stacking_default\"><div class=\"vc_col-sm-12 wpb_column vc_column_container\"><div class=\"vc_column-inner\"><div class=\"wpb_wrapper\"><div class=\"wpb_text_column\"><div class=\"wpb_wrapper\"><h1><strong>Governan\u00e7a<\/strong><\/h1>\n<\/div><\/div><div class=\"w-separator size_medium\"><\/div><div class=\"w-btn-wrapper align_left\"><a class=\"w-btn us-btn-style_8 us_custom_ea2be81a\" href=\"https:\/\/www.eid.pt\/pt\/who-we-are\/shareholders-meetings\/\"><span class=\"w-btn-label\">Assembleias de acionistas<\/span><\/a><\/div><\/div><\/div><\/div><\/div><\/div><\/section><section class=\"l-section wpb_row us_custom_60e9caca us_animate_this height_medium\"><div class=\"l-section-h i-cf\"><div class=\"g-cols vc_row via_flex valign_top type_default stacking_default\"><div class=\"vc_col-sm-12 wpb_column vc_column_container\"><div class=\"vc_column-inner\"><div class=\"wpb_wrapper\"><div class=\"wpb_text_column\"><div class=\"wpb_wrapper\"><h1 style=\"text-align: center;\"><strong>ESTRUTURA DE ACIONISTAS<\/strong><\/h1>\n<\/div><\/div><div class=\"w-separator size_large\"><\/div><div class=\"g-cols wpb_row us_custom_60e9caca us_animate_this via_flex valign_bottom type_default stacking_default\"><div class=\"vc_col-sm-4 wpb_column vc_column_container\"><div class=\"vc_column-inner\"><div class=\"wpb_wrapper\"><div class=\"w-image align_center\"><div class=\"w-image-h\"><img decoding=\"async\" width=\"394\" height=\"416\" src=\"https:\/\/www.eid.pt\/upoapsee\/2021\/08\/cohort80.jpg\" class=\"attachment-large size-large\" alt=\"cohort share\" loading=\"lazy\" \/><\/div><\/div><\/div><\/div><\/div><div class=\"vc_col-sm-4 wpb_column vc_column_container\"><div class=\"vc_column-inner\"><div class=\"wpb_wrapper\"><div class=\"w-image align_center\"><div class=\"w-image-h\"><img decoding=\"async\" width=\"379\" height=\"380\" src=\"https:\/\/www.eid.pt\/upoapsee\/2021\/08\/idd18.jpg\" class=\"attachment-large size-large\" alt=\"idd share\" loading=\"lazy\" \/><\/div><\/div><\/div><\/div><\/div><div class=\"vc_col-sm-4 wpb_column vc_column_container\"><div class=\"vc_column-inner\"><div class=\"wpb_wrapper\"><div class=\"w-image align_center\"><div class=\"w-image-h\"><img decoding=\"async\" width=\"380\" height=\"380\" src=\"https:\/\/www.eid.pt\/upoapsee\/2021\/08\/iapmei2.jpg\" class=\"attachment-large size-large\" alt=\"iapmei share\" loading=\"lazy\" \/><\/div><\/div><\/div><\/div><\/div><\/div><div class=\"w-separator size_large\"><\/div><div class=\"w-separator size_large\"><\/div><div class=\"g-cols wpb_row us_custom_60e9caca us_animate_this via_flex valign_top type_default stacking_default\"><div class=\"vc_col-sm-3 wpb_column vc_column_container\"><div class=\"vc_column-inner\"><div class=\"wpb_wrapper\"><div class=\"w-image align_center\"><a target=\"_blank\" rel=\"nofollow\" href=\"https:\/\/www.cohortplc.com\/\" aria-label=\"Cohortlogo\" class=\"w-image-h\"><img decoding=\"async\" width=\"415\" height=\"112\" src=\"https:\/\/www.eid.pt\/upoapsee\/2021\/08\/Cohortlogo.jpg\" class=\"attachment-large size-large\" alt=\"cohort logo\" loading=\"lazy\" \/><\/a><\/div><\/div><\/div><\/div><div class=\"vc_col-sm-9 wpb_column vc_column_container\"><div class=\"vc_column-inner\"><div class=\"wpb_wrapper\"><div class=\"wpb_text_column\"><div class=\"wpb_wrapper\"><p>A Cohort \u00e9 a empresa-m\u00e3e de seis empresas inovadoras, \u00e1geis e responsivas que fornecem uma vasta gama de servi\u00e7os e produtos para clientes brit\u00e2nicos, portugueses e internacionais nos setores de defesa, seguran\u00e7a e mercados relacionados.<\/p>\n<p>A Cohort foi fundada no princ\u00edpio de que as PME podem prosperar fazendo parte de um grupo maior, onde podem beneficiar de supervis\u00e3o financeira, apoio \u00e0 gest\u00e3o e interc\u00e2mbio de informa\u00e7\u00f5es e pr\u00e1ticas. Nosso objetivo \u00e9 alcan\u00e7ar isso preservando ao mesmo tempo o alto potencial de crescimento de empresas independentes inovadoras. Nosso objetivo \u00e9 agregar valor real por meio da experi\u00eancia e dos contatos de nossa equipe s\u00eanior, ao mesmo tempo em que fornecemos uma estrutura de governan\u00e7a leve, mas eficaz, para nossas subsidi\u00e1rias. Nosso objetivo \u00e9 agregar valor aos acionistas por meio de nossas cinco subsidi\u00e1rias operacionais: Chess, EID, ELAC SONAR, MASS, MCL e SEA<\/p>\n<\/div><\/div><div class=\"w-separator size_small\"><\/div><div class=\"w-btn-wrapper align_none\"><a class=\"w-btn us-btn-style_3\" target=\"_blank\" rel=\"nofollow\" href=\"https:\/\/www.cohortplc.com\/\"><span class=\"w-btn-label\">Descubra mais<\/span><\/a><\/div><\/div><\/div><\/div><\/div><div class=\"w-separator size_large\"><\/div><div class=\"g-cols wpb_row us_custom_60e9caca us_animate_this via_flex valign_top type_default stacking_default\"><div class=\"vc_col-sm-3 wpb_column vc_column_container\"><div class=\"vc_column-inner\"><div class=\"wpb_wrapper\"><div class=\"w-image align_center\"><a target=\"_blank\" rel=\"nofollow\" href=\"https:\/\/www.iddportugal.pt\/\" aria-label=\"IDDlogo\" class=\"w-image-h\"><img decoding=\"async\" width=\"287\" height=\"169\" src=\"https:\/\/www.eid.pt\/upoapsee\/2021\/08\/IDDlogo.jpg\" class=\"attachment-large size-large\" alt=\"idd logo\" loading=\"lazy\" \/><\/a><\/div><\/div><\/div><\/div><div class=\"vc_col-sm-9 wpb_column vc_column_container\"><div class=\"vc_column-inner\"><div class=\"wpb_wrapper\"><div class=\"wpb_text_column\"><div class=\"wpb_wrapper\"><p>A idD Portugal Defense pretende ajudar a Base Tecnol\u00f3gica e Industrial de Defesa a tornar-se um candidato internacional na Economia de Defesa, atrav\u00e9s de:<\/p>\n<ul>\n<li>Gerir as participa\u00e7\u00f5es que o Estado Portugu\u00eas det\u00e9m em empresas do setor da Defesa;<\/li>\n<li>Gerir a base Tecnol\u00f3gica e Industrial de Defesa (DTIB), incluindo a DTIB e a representa\u00e7\u00e3o de Portugal na UE, NATO e em f\u00f3runs internacionais relevantes para a Economia de Defesa;<\/li>\n<li>Promover a coopera\u00e7\u00e3o entre as For\u00e7as Armadas, as empresas e as universidades e centros de investiga\u00e7\u00e3o;<\/li>\n<li>Assessoria em transa\u00e7\u00f5es de equipamento militar, nomeadamente no \u00e2mbito da implementa\u00e7\u00e3o da Lei de Programa\u00e7\u00e3o Militar;<\/li>\n<li>Apoiar opera\u00e7\u00f5es de rentabiliza\u00e7\u00e3o de ativos na \u00e1rea da Defesa Nacional, especialmente no \u00e2mbito da Lei das Infraestruturas.<\/li>\n<\/ul>\n<p>A idD Portugal Defence \u00e9 uma empresa p\u00fablica sob tutela conjunta do Minist\u00e9rio da Defesa Nacional e do Minist\u00e9rio das Finan\u00e7as.<\/p>\n<\/div><\/div><div class=\"w-separator size_small\"><\/div><div class=\"w-btn-wrapper align_none\"><a class=\"w-btn us-btn-style_3\" target=\"_blank\" rel=\"nofollow\" href=\"https:\/\/www.iddportugal.pt\/\"><span class=\"w-btn-label\">Descubra mais<\/span><\/a><\/div><\/div><\/div><\/div><\/div><div class=\"w-separator size_large\"><\/div><div class=\"g-cols wpb_row us_custom_60e9caca us_animate_this via_flex valign_top type_default stacking_default\"><div class=\"vc_col-sm-3 wpb_column vc_column_container\"><div class=\"vc_column-inner\"><div class=\"wpb_wrapper\"><div class=\"w-image align_center\"><a target=\"_blank\" rel=\"nofollow\" href=\"https:\/\/www.iapmei.pt\/\" aria-label=\"iapmeilogo\" class=\"w-image-h\"><img decoding=\"async\" width=\"363\" height=\"130\" src=\"https:\/\/www.eid.pt\/upoapsee\/2021\/08\/iapmeilogo.jpg\" class=\"attachment-large size-large\" alt=\"iapmei logo\" loading=\"lazy\" \/><\/a><\/div><\/div><\/div><\/div><div class=\"vc_col-sm-9 wpb_column vc_column_container\"><div class=\"vc_column-inner\"><div class=\"wpb_wrapper\"><div class=\"wpb_text_column\"><div class=\"wpb_wrapper\"><p>O IAPMEI \u00e9 a principal ag\u00eancia governamental de pol\u00edticas econ\u00f3micas dirigidas \u00e0s empresas portuguesas e funciona sob a supervis\u00e3o do Minist\u00e9rio da Economia.<\/p>\n<p>A nossa miss\u00e3o \u00e9 promover a competitividade e o crescimento empresarial das empresas portuguesas atrav\u00e9s da oferta de um conjunto de servi\u00e7os comprometidos com o fortalecimento da inova\u00e7\u00e3o, do empreendedorismo e do investimento empresarial.<\/p>\n<p>Ciente da import\u00e2ncia do crescimento empresarial para as economias, o IAPMEI desenvolveu um conjunto de instrumentos para aumentar a capacidade das empresas em termos de inova\u00e7\u00e3o e competitividade.<br \/>\nImaginamos o futuro da economia atrav\u00e9s da digitaliza\u00e7\u00e3o de processos, com foco no desenho de processos que tragam melhorias para as organiza\u00e7\u00f5es. Desenvolvemos ferramentas espec\u00edficas para ajud\u00e1-los a crescer nessa dire\u00e7\u00e3o.<\/p>\n<\/div><\/div><div class=\"w-separator size_small\"><\/div><div class=\"w-btn-wrapper align_none\"><a class=\"w-btn us-btn-style_3\" target=\"_blank\" rel=\"nofollow\" href=\"https:\/\/www.iapmei.pt\/\"><span class=\"w-btn-label\">Descubra mais<\/span><\/a><\/div><\/div><\/div><\/div><\/div><\/div><\/div><\/div><\/div><\/div><\/section><section class=\"l-section wpb_row us_custom_be784b0e us_animate_this height_large\"><div class=\"l-section-h i-cf\"><div class=\"g-cols vc_row via_flex valign_middle type_default stacking_default\"><div class=\"vc_col-sm-12 wpb_column vc_column_container\"><div class=\"vc_column-inner\"><div class=\"wpb_wrapper\"><div class=\"w-btn-wrapper align_center\"><a class=\"w-btn us-btn-style_8\" title=\"Pol\u00edticas Corporativas\" href=\"https:\/\/www.eid.pt\/pt\/who-we-are\/corporate-policies\/\"><span class=\"w-btn-label\">Pol\u00edticas Corporativas<\/span><\/a><\/div><\/div><\/div><\/div><\/div><\/div><\/section>","protected":false},"excerpt":{"rendered":"Governance Shareholders meetings SHAREHOLDERS STRUCTURE Cohort is the parent company of six innovative, agile and responsive businesses providing a wide range of services and products for British, Portuguese and international customers in defence, security and related markets. Cohort was founded on the principle that SME-size businesses can prosper by being part of a larger group,...","protected":false},"author":2,"featured_media":11021,"parent":9832,"menu_order":0,"comment_status":"closed","ping_status":"closed","template":"","meta":{"footnotes":""},"class_list":["post-10929","page","type-page","status-publish","has-post-thumbnail","hentry"],"_links":{"self":[{"href":"https:\/\/www.eid.pt\/pt\/wp-json\/wp\/v2\/pages\/10929","targetHints":{"allow":["GET"]}}],"collection":[{"href":"https:\/\/www.eid.pt\/pt\/wp-json\/wp\/v2\/pages"}],"about":[{"href":"https:\/\/www.eid.pt\/pt\/wp-json\/wp\/v2\/types\/page"}],"author":[{"embeddable":true,"href":"https:\/\/www.eid.pt\/pt\/wp-json\/wp\/v2\/users\/2"}],"replies":[{"embeddable":true,"href":"https:\/\/www.eid.pt\/pt\/wp-json\/wp\/v2\/comments?post=10929"}],"version-history":[{"count":17,"href":"https:\/\/www.eid.pt\/pt\/wp-json\/wp\/v2\/pages\/10929\/revisions"}],"predecessor-version":[{"id":12335,"href":"https:\/\/www.eid.pt\/pt\/wp-json\/wp\/v2\/pages\/10929\/revisions\/12335"}],"up":[{"embeddable":true,"href":"https:\/\/www.eid.pt\/pt\/wp-json\/wp\/v2\/pages\/9832"}],"wp:featuredmedia":[{"embeddable":true,"href":"https:\/\/www.eid.pt\/pt\/wp-json\/wp\/v2\/media\/11021"}],"wp:attachment":[{"href":"https:\/\/www.eid.pt\/pt\/wp-json\/wp\/v2\/media?parent=10929"}],"curies":[{"name":"wp","href":"https:\/\/api.w.org\/{rel}","templated":true}]}}