{"id":10692,"date":"2021-06-28T14:38:17","date_gmt":"2021-06-28T14:38:17","guid":{"rendered":"http:\/\/www.eid.pt\/?page_id=10692"},"modified":"2023-03-27T10:14:04","modified_gmt":"2023-03-27T10:14:04","slug":"land","status":"publish","type":"page","link":"https:\/\/www.eid.pt\/pt\/what-we-do\/land\/","title":{"rendered":"T\u00e1ctico"},"content":{"rendered":"<section class=\"l-section wpb_row us_custom_f5fd5922 height_medium color_primary with_img parallax_ver\"><div class=\"l-section-img\" role=\"img\" aria-label=\"leopard tank\" data-img-width=\"1920\" data-img-height=\"1280\" style=\"background-image: url(https:\/\/www.eid.pt\/upoapsee\/2021\/06\/land.jpg);\"><\/div><div class=\"l-section-overlay\" style=\"background:linear-gradient(150deg,rgba(51,51,51,0.5),rgba(0,0,0,0.70))\"><\/div><div class=\"l-section-h i-cf\"><div class=\"g-cols vc_row via_flex valign_middle type_default stacking_default\"><div class=\"vc_col-sm-12 wpb_column vc_column_container\"><div class=\"vc_column-inner\"><div class=\"wpb_wrapper\"><div class=\"w-image us_custom_b020f19e align_none\"><div class=\"w-image-h\"><img decoding=\"async\" width=\"653\" height=\"85\" src=\"https:\/\/www.eid.pt\/upoapsee\/2023\/03\/Asset-11.png\" class=\"attachment-large size-large\" alt=\"Land - Terranex\" loading=\"lazy\" \/><\/div><\/div><div class=\"w-separator size_small\"><\/div><div class=\"wpb_text_column\"><div class=\"wpb_wrapper\"><p>A EID tem uma hist\u00f3ria not\u00e1vel no desenvolvimento de equipamentos de comunica\u00e7\u00e3o militar, bem como no design e implanta\u00e7\u00e3o de sistemas t\u00e1ticos confi\u00e1veis, usados extensivamente em uma variedade de opera\u00e7\u00f5es em todo o mundo. Nossa estreita coopera\u00e7\u00e3o com os utilizadores finais tem sido fundamental para o melhoramento consistente das nossas solu\u00e7\u00f5es.<\/p>\n<\/div><\/div><\/div><\/div><\/div><\/div><\/div><\/section><section class=\"l-section wpb_row us_custom_c122210b vc_hidden-xs vc_hidden-sm height_auto width_full color_primary type_sticky\"><div class=\"l-section-h i-cf\"><div class=\"g-cols vc_row via_flex valign_top type_default stacking_default\"><div class=\"vc_col-sm-12 wpb_column vc_column_container\"><div class=\"vc_column-inner\"><div class=\"wpb_wrapper\"><nav class=\"w-menu us_custom_ab10c55b layout_hor style_blocks not_responsive us_menu_1\" style=\"--main-gap:1.5rem;--main-ver-indent:0.8em;--main-hor-indent:0.8em;--main-color:rgba(255,255,255,0.66);--main-hover-color:#fff;--main-active-color:#fff;\"><ul id=\"menu-land-menu\" class=\"menu\"><li id=\"menu-item-10704\" class=\"menu-item menu-item-type-custom menu-item-object-custom menu-item-10704\"><a href=\"#benefits\">Proposta de Valor<\/a><\/li><li id=\"menu-item-10708\" class=\"menu-item menu-item-type-custom menu-item-object-custom menu-item-10708\"><a href=\"#dsi\">SSD<\/a><\/li><li id=\"menu-item-10705\" class=\"menu-item menu-item-type-custom menu-item-object-custom menu-item-10705\"><a href=\"#intercoms\">Intercomunicadores<\/a><\/li><li id=\"menu-item-10706\" class=\"menu-item menu-item-type-custom menu-item-object-custom menu-item-10706\"><a href=\"#switch\">Gateway T\u00e1ctico<\/a><\/li><li id=\"menu-item-10707\" class=\"menu-item menu-item-type-custom menu-item-object-custom menu-item-10707\"><a href=\"#twh\">R\u00e1dios pessoais<\/a><\/li><li id=\"menu-item-10709\" class=\"menu-item menu-item-type-custom menu-item-object-custom menu-item-10709\"><a href=\"#combat\">Combat net radio<\/a><\/li><\/ul><\/nav><\/div><\/div><\/div><\/div><\/div><\/section><section class=\"l-section wpb_row height_medium\" id=\"benefits\"><div class=\"l-section-h i-cf\"><div class=\"g-cols vc_row via_flex valign_top type_default stacking_default\"><div class=\"vc_col-sm-12 wpb_column vc_column_container\"><div class=\"vc_column-inner\"><div class=\"wpb_wrapper\"><div class=\"wpb_text_column\"><div class=\"wpb_wrapper\"><p>O portf\u00f3lio continuamente atualizado da EID inclui atualmente r\u00e1dios pessoais compactos de alto desempenho, com streaming de voz, dados e v\u00eddeo, adequados para opera\u00e7\u00f5es de esquadr\u00f5es, bem como para cen\u00e1rios veiculares, navais e anf\u00edbios. Tamb\u00e9m inclui sistemas de intercomunica\u00e7\u00e3o para todos os tipos de ve\u00edculos blindados e barcos r\u00e1pidos, quadros de distribui\u00e7\u00e3o de campo preparados para o futuro e telefones de campo que suportam servi\u00e7os desde telefonia anal\u00f3gica at\u00e9 voz e dados sobre IP. e r\u00e1dios Combat Net altamente seguros e multibanda definidos por software.<\/p>\n<\/div><\/div><\/div><\/div><\/div><\/div><\/div><\/section><section class=\"l-section wpb_row height_auto width_full\" id=\"dsi\"><div class=\"l-section-overlay\" style=\"background:#f5f5f5\"><\/div><div class=\"l-section-h i-cf\"><div class=\"g-cols vc_row via_flex valign_middle type_boxes stacking_default\"><div class=\"vc_col-sm-6 wpb_column vc_column_container\"><div class=\"vc_column-inner us_custom_7e20fa79 us_animate_this\"><div class=\"wpb_wrapper\"><div class=\"wpb_text_column\"><div class=\"wpb_wrapper\"><h1><strong>Sistemas de Soldado<\/strong><\/h1>\n<p>Totalmente digitalizado, o design modular permite flexibilidade operacional e pode ser adaptado \u00e0s diversas situa\u00e7\u00f5es e requisitos de miss\u00e3o de todos os escal\u00f5es de infantaria, possibilitando a transmiss\u00e3o de voz, dados e v\u00eddeo.<\/p>\n<p>Al\u00e9m disso, ser\u00e1 totalmente compat\u00edvel com outros equipamentos de comunica\u00e7\u00e3o j\u00e1 em servi\u00e7o, permitindo uma integra\u00e7\u00e3o perfeita com sistemas legacy.<\/p>\n<\/div><\/div><div class=\"w-separator size_medium\"><\/div><div class=\"w-popup w-btn-wrapper align_left\"><button class=\"w-popup-trigger type_btn w-btn us-btn-style_1\" aria-label=\"Saber mais\" type=\"button\"><span class=\"w-btn-label\">Saber mais<\/span><\/button><div class=\"w-popup-overlay\" style=\"background:rgba(0,0,0,0.85);\"><\/div><div class=\"w-popup-wrap layout_default\" role=\"dialog\" aria-modal=\"true\" aria-label=\"Popup\" style=\"--title-color:var(--color-content-heading);--title-bg-color:var(--color-content-bg-alt);--content-color:var(--color-content-text);--content-bg-color:var(--color-content-bg);--popup-width:600px;--popup-padding:5%;\"><button aria-label=\"Fechar\" class=\"w-popup-closer\" type=\"button\"><\/button><div class=\"w-popup-box animation_fadeIn closerpos_outside with_title\"><div class=\"w-popup-box-h\"><div class=\"w-popup-box-title\">Dismounted soldier system<\/div><div class=\"w-popup-box-content\"><div class=\"wpcf7 no-js\" id=\"wpcf7-f10238-o1\" lang=\"en-US\" dir=\"ltr\" data-wpcf7-id=\"10238\">\n<div class=\"screen-reader-response\"><p role=\"status\" aria-live=\"polite\" aria-atomic=\"true\"><\/p> <ul><\/ul><\/div>\n<form action=\"\/pt\/wp-json\/wp\/v2\/pages\/10692#wpcf7-f10238-o1\" method=\"post\" class=\"wpcf7-form init\" aria-label=\"Contact form\" novalidate=\"novalidate\" data-status=\"init\" data-trp-original-action=\"\/pt\/wp-json\/wp\/v2\/pages\/10692#wpcf7-f10238-o1\">\n<fieldset class=\"hidden-fields-container\"><input type=\"hidden\" name=\"_wpcf7\" value=\"10238\" \/><input type=\"hidden\" name=\"_wpcf7_version\" value=\"6.1.5\" \/><input type=\"hidden\" name=\"_wpcf7_locale\" value=\"en_US\" \/><input type=\"hidden\" name=\"_wpcf7_unit_tag\" value=\"wpcf7-f10238-o1\" \/><input type=\"hidden\" name=\"_wpcf7_container_post\" value=\"0\" \/><input type=\"hidden\" name=\"_wpcf7_posted_data_hash\" value=\"\" \/><input type=\"hidden\" name=\"_wpcf7_recaptcha_response\" value=\"\" \/>\n<\/fieldset>\n<p><label> <strong>Nome<\/strong> (obrigat\u00f3rio)<br \/>\n<span class=\"wpcf7-form-control-wrap\" data-name=\"your-name\"><input size=\"40\" maxlength=\"400\" class=\"wpcf7-form-control wpcf7-text wpcf7-validates-as-required\" aria-required=\"true\" aria-invalid=\"false\" value=\"\" type=\"text\" name=\"your-name\" \/><\/span> <\/label>\n<\/p>\n<p><label> <strong>Email<\/strong> (obrigat\u00f3rio)<br \/>\n<span class=\"wpcf7-form-control-wrap\" data-name=\"your-email\"><input size=\"40\" maxlength=\"400\" class=\"wpcf7-form-control wpcf7-email wpcf7-validates-as-required wpcf7-text wpcf7-validates-as-email\" aria-required=\"true\" aria-invalid=\"false\" value=\"\" type=\"email\" name=\"your-email\" \/><\/span> <\/label>\n<\/p>\n<p><label> <strong>Assunto<\/strong><br \/>\n<span class=\"wpcf7-form-control-wrap\" data-name=\"your-subject\"><input size=\"40\" maxlength=\"400\" class=\"wpcf7-form-control wpcf7-text\" aria-invalid=\"false\" value=\"Dismounted Soldier System\" type=\"text\" name=\"your-subject\" \/><\/span> <\/label>\n<\/p>\n<p><label> <strong>Mensagem<\/strong><br \/>\n<span class=\"wpcf7-form-control-wrap\" data-name=\"your-message\"><textarea cols=\"40\" rows=\"10\" maxlength=\"2000\" class=\"wpcf7-form-control wpcf7-textarea\" aria-invalid=\"false\" name=\"your-message\"><\/textarea><\/span> <\/label>\n<\/p>\n<p><span class=\"wpcf7-form-control-wrap\" data-name=\"privacypolicy\"><span class=\"wpcf7-form-control wpcf7-acceptance\"><span class=\"wpcf7-list-item\"><label><input type=\"checkbox\" name=\"privacypolicy\" value=\"1\" aria-invalid=\"false\" \/><span class=\"wpcf7-list-item-label\">Ao marcar esta caixa, concorda com a recolha e uso dos seus dados pessoais pela EID de acordo com a nossa <a href=\"http:\/\/www.eid.pt\/pt\/who-we-are\/corporate-policies\/\">pol\u00edtica de privacidade<\/a>. A EID utilizar\u00e1 os seus dados pessoais exclusivamente para efeitos de comunica\u00e7\u00e3o consigo e de lhe fornecer as informa\u00e7\u00f5es ou servi\u00e7os que solicitou.<\/span><\/label><\/span><\/span><\/span>\n<\/p>\n<p><input class=\"wpcf7-form-control wpcf7-submit has-spinner\" type=\"submit\" value=\"Send\" \/>\n<\/p><div class=\"wpcf7-response-output\" aria-hidden=\"true\"><\/div>\n<input type=\"hidden\" name=\"trp-form-language\" value=\"pt\"\/><\/form>\n<\/div>\n<\/div><\/div><\/div><\/div><\/div><\/div><\/div><\/div><div class=\"vc_col-sm-6 wpb_column vc_column_container  has_bg_color\"><div class=\"vc_column-inner us_custom_55619a9d us_animate_this\"><div class=\"wpb_wrapper\"><div class=\"w-separator size_custom\" style=\"height:400px\"><\/div><\/div><\/div><\/div><\/div><\/div><\/section><section class=\"l-section wpb_row height_auto width_full\" id=\"intercoms\"><div class=\"l-section-overlay\" style=\"background:#f5f5f5\"><\/div><div class=\"l-section-h i-cf\"><div class=\"g-cols vc_row via_flex valign_middle type_boxes reversed stacking_default\"><div class=\"vc_col-sm-6 wpb_column vc_column_container  has_bg_color\"><div class=\"vc_column-inner us_custom_25765339 us_animate_this\"><div class=\"wpb_wrapper\"><div class=\"w-separator size_custom\" style=\"height:400px\"><\/div><\/div><\/div><\/div><div class=\"vc_col-sm-6 wpb_column vc_column_container  has_bg_color\"><div class=\"vc_column-inner us_custom_ba0e58d7 us_animate_this\"><div class=\"wpb_wrapper\"><div class=\"wpb_text_column\"><div class=\"wpb_wrapper\"><h1><strong>Sistemas t\u00e1ticos de intercomunica\u00e7\u00e3o veicular<\/strong><\/h1>\n<p>Os sistemas de intercomunica\u00e7\u00e3o da EID s\u00e3o a solu\u00e7\u00e3o ideal para aplica\u00e7\u00f5es veiculares, baseadas em abrigos ou mar\u00edtimas espec\u00edficas, permitindo a intercomunica\u00e7\u00e3o entre os membros da tripula\u00e7\u00e3o e permitindo o acesso a equipamentos de r\u00e1dio que fornecem comunica\u00e7\u00f5es de voz e dados, seja por via a\u00e9rea, por fio ou por cabos de fibra \u00f3ptica robustos.<\/p>\n<p>Sistemas pessoais sem fio tamb\u00e9m est\u00e3o dispon\u00edveis; isso significa que um tripulante fora do ve\u00edculo pode se comunicar com a tripula\u00e7\u00e3o de bordo e at\u00e9 mesmo atrav\u00e9s dos r\u00e1dios instalados dentro do ve\u00edculo.<\/p>\n<\/div><\/div><div class=\"w-separator size_small\"><\/div><div class=\"w-btn-wrapper align_none\"><a class=\"w-btn us-btn-style_1\" title=\"Intercomunicadores veiculares\" href=\"http:\/\/www.eid.pt\/pt\/vehicular-intercoms\/\"><span class=\"w-btn-label\">Saber mais<\/span><\/a><\/div><\/div><\/div><\/div><\/div><\/div><\/section><section class=\"l-section wpb_row height_auto width_full\" id=\"switch\"><div class=\"l-section-overlay\" style=\"background:#f5f5f5\"><\/div><div class=\"l-section-h i-cf\"><div class=\"g-cols vc_row via_flex valign_middle type_boxes stacking_default\"><div class=\"vc_col-sm-6 wpb_column vc_column_container  has_bg_color\"><div class=\"vc_column-inner us_custom_8369e98c us_animate_this\"><div class=\"wpb_wrapper\"><div class=\"wpb_text_column\"><div class=\"wpb_wrapper\"><h1 style=\"text-align: left;\"><strong>Gateway T\u00e1ctico<\/strong><\/h1>\n<p style=\"text-align: left;\">Solu\u00e7\u00f5es EID para comunica\u00e7\u00f5es de organiza\u00e7\u00f5es militares implantadas em campo.<\/p>\n<p style=\"text-align: left;\">A Central de Campanha CD-116\/IP oferece comunica\u00e7\u00e3o local entre telefones de campanha anal\u00f3gicos e\/ou VoIP ou terminais de dados, bem como sua integra\u00e7\u00e3o com usu\u00e1rios remotos.<\/p>\n<p style=\"text-align: left;\">Interfaces para R\u00e1dios Combat Net e para redes anal\u00f3gicas, ISDN e IP fazem parte das op\u00e7\u00f5es de configurabilidade dos equipamentos acima, permitindo a integra\u00e7\u00e3o de usu\u00e1rios locais com organiza\u00e7\u00f5es remotas por meio de r\u00e1dios t\u00e1ticos, redes IP, ISDN ou mesmo anal\u00f3gicas.<\/p>\n<\/div><\/div><div class=\"w-separator size_small\"><\/div><div class=\"w-btn-wrapper align_none\"><a class=\"w-btn us-btn-style_1\" title=\"Intercomunicadores veiculares\" href=\"http:\/\/www.eid.pt\/pt\/switchboard-and-telephones\/\"><span class=\"w-btn-label\">Saber mais<\/span><\/a><\/div><\/div><\/div><\/div><div class=\"vc_col-sm-6 wpb_column vc_column_container  has_bg_color\"><div class=\"vc_column-inner us_custom_e57abb80 us_animate_this\"><div class=\"wpb_wrapper\"><div class=\"w-separator size_custom\" style=\"height:400px\"><\/div><\/div><\/div><\/div><\/div><\/div><\/section><section class=\"l-section wpb_row height_auto width_full\" id=\"twh\"><div class=\"l-section-overlay\" style=\"background:#f5f5f5\"><\/div><div class=\"l-section-h i-cf\"><div class=\"g-cols vc_row via_flex valign_middle type_boxes reversed stacking_default\"><div class=\"vc_col-sm-6 wpb_column vc_column_container  has_bg_color\"><div class=\"vc_column-inner us_custom_c9dd418e us_animate_this\"><div class=\"wpb_wrapper\"><div class=\"w-separator size_custom\" style=\"height:400px\"><\/div><\/div><\/div><\/div><div class=\"vc_col-sm-6 wpb_column vc_column_container\"><div class=\"vc_column-inner us_custom_47474b22 us_animate_this\"><div class=\"wpb_wrapper\"><div class=\"wpb_text_column\"><div class=\"wpb_wrapper\"><h1><strong>R\u00e1dios Pessoais<\/strong><\/h1>\n<p>Os R\u00e1dios Pessoais TWH da EID s\u00e3o compostos por r\u00e1dios militares de \u00faltima gera\u00e7\u00e3o, ferramentas de software e acess\u00f3rios que atendem \u00e0s reais necessidades dos diversos cen\u00e1rios t\u00e1ticos, proporcionando comunica\u00e7\u00f5es e consci\u00eancia situacional compartilhada a todos os soldados, contribuindo para a efic\u00e1cia da miss\u00e3o.<\/p>\n<p>A empresa fornece duas s\u00e9ries de r\u00e1dios pessoais TWH: 100 e 110. Ambos possuem transceptores compactos, econ\u00f3micos e compat\u00edveis com os padr\u00f5es militares que garantem comunica\u00e7\u00f5es de voz e dados seguras e confi\u00e1veis para equipes de esquadr\u00e3o e escal\u00f5es superiores em muitos cen\u00e1rios, como desmontado, veicular, opera\u00e7\u00f5es navais e anf\u00edbias.<\/p>\n<\/div><\/div><div class=\"w-separator size_small\"><\/div><div class=\"w-btn-wrapper align_none\"><a class=\"w-btn us-btn-style_1\" title=\"Intercomunicadores veiculares\" href=\"http:\/\/www.eid.pt\/pt\/personal-radios\/\"><span class=\"w-btn-label\">Saber mais<\/span><\/a><\/div><\/div><\/div><\/div><\/div><\/div><\/section><section class=\"l-section wpb_row height_auto width_full\" id=\"combat\"><div class=\"l-section-overlay\" style=\"background:#f5f5f5\"><\/div><div class=\"l-section-h i-cf\"><div class=\"g-cols vc_row via_flex valign_middle type_boxes stacking_default\"><div class=\"vc_col-sm-6 wpb_column vc_column_container\"><div class=\"vc_column-inner us_custom_7e20fa79 us_animate_this\"><div class=\"wpb_wrapper\"><div class=\"wpb_text_column\"><div class=\"wpb_wrapper\"><h1><strong>Combat Net Radio<\/strong><\/h1>\n<p>O PRC-525 da EID \u00e9 um r\u00e1dio t\u00e1tico definido por software, cobrindo a faixa de frequ\u00eancia de 1,5 a 512 MHz, com salto r\u00e1pido de frequ\u00eancia, criptografia incorporada, GPS, ALE, recursos de dados Quick e IP.<\/p>\n<p>Acompanhando o r\u00e1dio, est\u00e1 dispon\u00edvel uma ampla gama de acess\u00f3rios: esta\u00e7\u00f5es de acoplamento veiculares simples e duplas, consoles para opera\u00e7\u00e3o remota, combinadores de pot\u00eancia, esta\u00e7\u00f5es repetidoras transport\u00e1veis e antenas de fio HF.<\/p>\n<\/div><\/div><div class=\"w-separator size_small\"><\/div><div class=\"w-btn-wrapper align_none\"><a class=\"w-btn us-btn-style_1\" title=\"Intercomunicadores veiculares\" href=\"http:\/\/www.eid.pt\/pt\/prc-525-combat-net-radio\/\"><span class=\"w-btn-label\">Saber mais<\/span><\/a><\/div><\/div><\/div><\/div><div class=\"vc_col-sm-6 wpb_column vc_column_container  has_bg_color\"><div class=\"vc_column-inner us_custom_b854dd58 us_animate_this\"><div class=\"wpb_wrapper\"><div class=\"w-separator size_custom\" style=\"height:400px\"><\/div><\/div><\/div><\/div><\/div><\/div><\/section>","protected":false},"excerpt":{"rendered":"EID has a notable history in the development of military communications equipment as well as in the design and deployment of reliable tactical systems, extensively used in a variety of operations worldwide. Our close cooperation with end-users has been instrumental for the consistent enhancement of our solution. Value PropositionDSSIntercomsTactical Media GatewayPersonal radiosCombat net radioEID&#8217;s continuously...","protected":false},"author":2,"featured_media":7645,"parent":10994,"menu_order":0,"comment_status":"closed","ping_status":"closed","template":"","meta":{"footnotes":""},"class_list":["post-10692","page","type-page","status-publish","has-post-thumbnail","hentry"],"_links":{"self":[{"href":"https:\/\/www.eid.pt\/pt\/wp-json\/wp\/v2\/pages\/10692","targetHints":{"allow":["GET"]}}],"collection":[{"href":"https:\/\/www.eid.pt\/pt\/wp-json\/wp\/v2\/pages"}],"about":[{"href":"https:\/\/www.eid.pt\/pt\/wp-json\/wp\/v2\/types\/page"}],"author":[{"embeddable":true,"href":"https:\/\/www.eid.pt\/pt\/wp-json\/wp\/v2\/users\/2"}],"replies":[{"embeddable":true,"href":"https:\/\/www.eid.pt\/pt\/wp-json\/wp\/v2\/comments?post=10692"}],"version-history":[{"count":31,"href":"https:\/\/www.eid.pt\/pt\/wp-json\/wp\/v2\/pages\/10692\/revisions"}],"predecessor-version":[{"id":12131,"href":"https:\/\/www.eid.pt\/pt\/wp-json\/wp\/v2\/pages\/10692\/revisions\/12131"}],"up":[{"embeddable":true,"href":"https:\/\/www.eid.pt\/pt\/wp-json\/wp\/v2\/pages\/10994"}],"wp:featuredmedia":[{"embeddable":true,"href":"https:\/\/www.eid.pt\/pt\/wp-json\/wp\/v2\/media\/7645"}],"wp:attachment":[{"href":"https:\/\/www.eid.pt\/pt\/wp-json\/wp\/v2\/media?parent=10692"}],"curies":[{"name":"wp","href":"https:\/\/api.w.org\/{rel}","templated":true}]}}