{"id":10667,"date":"2021-06-07T08:40:58","date_gmt":"2021-06-07T08:40:58","guid":{"rendered":"http:\/\/www.eid.pt\/?page_id=10667"},"modified":"2023-03-27T09:47:16","modified_gmt":"2023-03-27T09:47:16","slug":"down-memory-lane","status":"publish","type":"page","link":"https:\/\/www.eid.pt\/pt\/who-we-are\/down-memory-lane\/","title":{"rendered":"Hist\u00f3ria"},"content":{"rendered":"<section class=\"l-section wpb_row height_medium full_height valign_center color_primary with_img\"><div class=\"l-section-img\" role=\"img\" aria-label=\"eid memories\" data-img-width=\"1302\" data-img-height=\"1055\" style=\"background-image: url(https:\/\/www.eid.pt\/upoapsee\/2021\/07\/1978-PA-400W-HF.jpg);\"><\/div><div class=\"l-section-overlay\" style=\"background:rgba(51,51,51,0.75)\"><\/div><div class=\"l-section-h i-cf\"><div class=\"g-cols vc_row via_flex valign_middle type_default stacking_default\"><div class=\"vc_col-sm-12 wpb_column vc_column_container\"><div class=\"vc_column-inner\"><div class=\"wpb_wrapper\"><div class=\"wpb_text_column\"><div class=\"wpb_wrapper\"><h1><strong>Hist\u00f3ria<\/strong><\/h1>\n<p>Presencie a nossa hist\u00f3ria ao longo dos anos.<\/p>\n<\/div><\/div><\/div><\/div><\/div><\/div><\/div><\/section><section class=\"l-section wpb_row height_medium full_height valign_center color_primary with_img parallax_ver\" id=\"01\"><div class=\"l-section-img\" role=\"img\" aria-label=\"Imagem\" data-img-width=\"597\" data-img-height=\"591\" style=\"background-image: url(https:\/\/www.eid.pt\/upoapsee\/2019\/12\/Eid-first-logo.jpg);\"><\/div><div class=\"l-section-overlay\" style=\"background:rgba(0,0,0,0.80)\"><\/div><div class=\"l-section-h i-cf\"><div class=\"g-cols vc_row via_flex valign_top type_default stacking_default\"><div class=\"vc_col-sm-2 wpb_column vc_column_container us_animate_afb\" style=\"animation-delay:0.3s\"><div class=\"vc_column-inner\"><div class=\"wpb_wrapper\"><div class=\"wpb_text_column\"><div class=\"wpb_wrapper\"><h1 style=\"text-align: center;\">1983<\/h1>\n<\/div><\/div><div class=\"w-separator size_medium\"><\/div><div class=\"w-image align_center\"><div class=\"w-image-h\"><img decoding=\"async\" width=\"597\" height=\"591\" src=\"https:\/\/www.eid.pt\/upoapsee\/2019\/12\/Eid-first-logo.jpg\" class=\"attachment-full size-full\" alt=\"\" loading=\"lazy\" srcset=\"https:\/\/www.eid.pt\/upoapsee\/2019\/12\/Eid-first-logo.jpg 597w, https:\/\/www.eid.pt\/upoapsee\/2019\/12\/Eid-first-logo-300x297.jpg 300w\" sizes=\"auto, (max-width: 597px) 100vw, 597px\" \/><\/div><\/div><\/div><\/div><\/div><div class=\"vc_col-sm-10 wpb_column vc_column_container us_animate_afb\" style=\"animation-delay:0.3s\"><div class=\"vc_column-inner\"><div class=\"wpb_wrapper\"><div class=\"wpb_text_column\"><div class=\"wpb_wrapper\"><h1>O In\u00edcio<\/h1>\n<\/div><\/div><div class=\"w-separator size_small\"><\/div><div class=\"wpb_text_column\"><div class=\"wpb_wrapper\"><p style=\"text-align: justify;\">A EID foi criada em 8 de Junho de 1983, e foi a primeira empresa de I&amp;D criada em Portugal, sob o patroc\u00ednio do governo portugu\u00eas. Esta nova empresa foi constru\u00edda com base numa equipa de jovens engenheiros de electr\u00f3nica e telecomunica\u00e7\u00f5es qualificados que anteriormente trabalharam juntos no departamento de I&amp;D de um grupo industrial portugu\u00eas privado.<\/p>\n<p style=\"text-align: justify;\">Com o apoio do Minist\u00e9rio da Defesa (MoD) portugu\u00eas, a equipa aceitou o desafio de desenvolver uma gama de produtos conforme exigido pelo programa de moderniza\u00e7\u00e3o em curso das For\u00e7as Armadas no que diz respeito \u00e0s comunica\u00e7\u00f5es. Este apoio impulsionou a consolida\u00e7\u00e3o interna de tecnologias de ponta, permitindo \u00e0 empresa desenvolver compet\u00eancias fortes e reconhecidas internacionalmente, no dom\u00ednio das comunica\u00e7\u00f5es militares.<\/p>\n<p style=\"text-align: justify;\">Este marco marcou o in\u00edcio de uma coopera\u00e7\u00e3o estreita e duradoura com as For\u00e7as Armadas Portuguesas, que foi fundamental para o futuro da empresa.<\/p>\n<\/div><\/div><\/div><\/div><\/div><\/div><\/div><\/section><section class=\"l-section wpb_row height_medium full_height valign_center color_primary with_img parallax_ver\" id=\"02\"><div class=\"l-section-img\" role=\"img\" aria-label=\"Imagem\" data-img-width=\"1536\" data-img-height=\"1866\" style=\"background-image: url(https:\/\/www.eid.pt\/upoapsee\/2019\/12\/img017.jpg);\"><\/div><div class=\"l-section-overlay\" style=\"background:rgba(0,28,64,0.80)\"><\/div><div class=\"l-section-h i-cf\"><div class=\"g-cols vc_row via_flex valign_top type_default stacking_default\"><div class=\"vc_col-sm-2 wpb_column vc_column_container us_animate_afb\" style=\"animation-delay:0.3s\"><div class=\"vc_column-inner\"><div class=\"wpb_wrapper\"><div class=\"wpb_text_column\"><div class=\"wpb_wrapper\"><h1 style=\"text-align: center;\">1985<\/h1>\n<\/div><\/div><\/div><\/div><\/div><div class=\"vc_col-sm-10 wpb_column vc_column_container us_animate_afb\" style=\"animation-delay:0.3s\"><div class=\"vc_column-inner\"><div class=\"wpb_wrapper\"><div class=\"wpb_text_column\"><div class=\"wpb_wrapper\"><h1>Os anos 80<\/h1>\n<\/div><\/div><div class=\"w-separator size_small\"><\/div><div class=\"wpb_text_column\"><div class=\"wpb_wrapper\"><p style=\"text-align: justify;\">O in\u00edcio da d\u00e9cada viu o in\u00edcio de dois importantes programas de desenvolvimento: o transceptor t\u00e1tico VHF PRC-425 e a primeira gera\u00e7\u00e3o do Sistema Integrado de Controle de Comunica\u00e7\u00f5es (ICCS), dedicado \u00e0 automa\u00e7\u00e3o e gerenciamento de comunica\u00e7\u00f5es de navios de guerra. Simultaneamente, foram dados os primeiros passos na \u00e1rea de programas armazenados de telefone e tecnologia de comuta\u00e7\u00e3o digital.<\/p>\n<p style=\"text-align: justify;\">A partir de 1983, o r\u00e1dio t\u00e1ctico PRC-425 foi vendido aos milhares ao Ex\u00e9rcito Portugu\u00eas, tanto na vers\u00e3o man-pack como na vers\u00e3o veicular. O prot\u00f3tipo ICCS, com comuta\u00e7\u00e3o de circuitos, controle remoto de equipamentos e tratamento de mensagens ACP127, foi testado em campo em 1985 a bordo da fragata Roberto Ivens. Foi um dos primeiros navios da NATO equipado com um sistema de comunica\u00e7\u00f5es totalmente integrado, sendo o seu desempenho t\u00e3o proeminente que lhe foi frequentemente atribu\u00edda a tarefa de carro-chefe das comunica\u00e7\u00f5es quando incorporado nas for\u00e7as da NATO. O ICCS foi ent\u00e3o considerado um dos sistemas mais avan\u00e7ados dispon\u00edveis no mercado mundial.<\/p>\n<\/div><\/div><\/div><\/div><\/div><\/div><\/div><\/section><section class=\"l-section wpb_row height_medium full_height valign_center color_primary with_img parallax_ver\" id=\"03\"><div class=\"l-section-img\" role=\"img\" aria-label=\"Imagem\" data-img-width=\"420\" data-img-height=\"349\" style=\"background-image: url(https:\/\/www.eid.pt\/upoapsee\/2019\/12\/asic.jpg);\"><\/div><div class=\"l-section-overlay\" style=\"background:rgba(51,50,2,0.85)\"><\/div><div class=\"l-section-h i-cf\"><div class=\"g-cols vc_row via_flex valign_top type_default stacking_default\"><div class=\"vc_col-sm-2 wpb_column vc_column_container us_animate_afb\" style=\"animation-delay:0.3s\"><div class=\"vc_column-inner\"><div class=\"wpb_wrapper\"><div class=\"wpb_text_column\"><div class=\"wpb_wrapper\"><h1 style=\"text-align: center;\">1987<\/h1>\n<\/div><\/div><\/div><\/div><\/div><div class=\"vc_col-sm-10 wpb_column vc_column_container us_animate_afb\" style=\"animation-delay:0.3s\"><div class=\"vc_column-inner\"><div class=\"wpb_wrapper\"><div class=\"wpb_text_column\"><div class=\"wpb_wrapper\"><h1>Inova\u00e7\u00e3o cont\u00ednua<\/h1>\n<\/div><\/div><div class=\"w-separator size_small\"><\/div><div class=\"wpb_text_column\"><div class=\"wpb_wrapper\"><p style=\"text-align: justify;\">Em 1987, a EID lan\u00e7ou o CX400, um PABX digital inteiramente desenvolvido por engenheiros portugueses, no \u00e2mbito do programa Ci\u00eancia para a Estabilidade da NATO. Isto abriu caminho ao desenvolvimento de capacidades nesta \u00e1rea, permitindo a evolu\u00e7\u00e3o cont\u00ednua do produto e tamb\u00e9m o desenvolvimento de novas solu\u00e7\u00f5es, dirigidas ao mercado privado e tamb\u00e9m aos operadores de telecomunica\u00e7\u00f5es. O desenvolvimento do ICC-101, sistema de intercomunica\u00e7\u00e3o para ve\u00edculos blindados, tamb\u00e9m foi conclu\u00eddo em 1987.<\/p>\n<p style=\"text-align: justify;\">Um ano depois, antecipando as tend\u00eancias tecnol\u00f3gicas percebidas, a EID decidiu investir na tecnologia SMD, instalando as ferramentas adequadas e garantindo a forma\u00e7\u00e3o adequada ao seu pessoal. Esse investimento, relevante na \u00e9poca, proporcionou um avan\u00e7o tecnol\u00f3gico no processo de fabrica\u00e7\u00e3o e na miniaturiza\u00e7\u00e3o dos produtos.<\/p>\n<p style=\"text-align: justify;\">Pela primeira vez em Portugal, a EID desenvolveu um Circuito Integrado de Aplica\u00e7\u00e3o Espec\u00edfica (ASIC) para ser utilizado em switches multiplexadores por divis\u00e3o de tempo para efeitos de processamento em intervalos de tempo, permitindo uma redu\u00e7\u00e3o significativa do tamanho e do consumo de energia. O uso desta tecnologia foi ent\u00e3o estendido a equipamentos de r\u00e1dio e sistemas navais.<\/p>\n<\/div><\/div><\/div><\/div><\/div><\/div><\/div><\/section><section class=\"l-section wpb_row height_medium full_height valign_center color_primary with_img parallax_ver\"><div class=\"l-section-img\" role=\"img\" aria-label=\"Imagem\" data-img-width=\"383\" data-img-height=\"576\" style=\"background-image: url(https:\/\/www.eid.pt\/upoapsee\/2019\/12\/militar_01.jpg);\"><\/div><div class=\"l-section-overlay\" style=\"background:rgba(9,51,4,0.90)\"><\/div><div class=\"l-section-h i-cf\"><div class=\"g-cols vc_row via_flex valign_top type_default stacking_default\"><div class=\"vc_col-sm-2 wpb_column vc_column_container us_animate_afb\" style=\"animation-delay:0.3s\"><div class=\"vc_column-inner\"><div class=\"wpb_wrapper\"><div class=\"wpb_text_column\"><div class=\"wpb_wrapper\"><h1 style=\"text-align: center;\">1991<\/h1>\n<\/div><\/div><\/div><\/div><\/div><div class=\"vc_col-sm-10 wpb_column vc_column_container us_animate_afb\" style=\"animation-delay:0.3s\"><div class=\"vc_column-inner\"><div class=\"wpb_wrapper\"><div class=\"wpb_text_column\"><div class=\"wpb_wrapper\"><h1>O r\u00e1dio militar mais pequeno do mundo<\/h1>\n<\/div><\/div><div class=\"w-separator size_small\"><\/div><div class=\"wpb_text_column\"><div class=\"wpb_wrapper\"><p style=\"text-align: justify;\">A EID conseguiu projetar e lan\u00e7ar, em 1991, o menor e mais leve r\u00e1dio port\u00e1til VHF robusto do mundo \u2013 o PRC-501. Este equipamento tem sido amplamente utilizado pelas tropas portuguesas envolvidas em miss\u00f5es de paz da NATO na B\u00f3snia, Angola e Mo\u00e7ambique. Ressalta-se que o ex\u00e9rcito brasileiro adotou o transceptor PRC-501 como padr\u00e3o, sendo implementado um programa de transfer\u00eancia de tecnologia para viabilizar sua produ\u00e7\u00e3o, montagem e testes pela ind\u00fastria de defesa local. Al\u00e9m disso, a tecnologia subjacente foi transferida para um parceiro da OTAN.<\/p>\n<\/div><\/div><\/div><\/div><\/div><\/div><\/div><\/section><section class=\"l-section wpb_row height_medium full_height valign_center color_primary with_img parallax_ver\"><div class=\"l-section-img\" role=\"img\" aria-label=\"Imagem\" data-img-width=\"288\" data-img-height=\"267\" style=\"background-image: url(https:\/\/www.eid.pt\/upoapsee\/2019\/12\/Sala-Controle-VG.jpg);\"><\/div><div class=\"l-section-overlay\" style=\"background:rgba(51,51,51,0.90)\"><\/div><div class=\"l-section-h i-cf\"><div class=\"g-cols vc_row via_flex valign_top type_default stacking_default\"><div class=\"vc_col-sm-2 wpb_column vc_column_container us_animate_afb\" style=\"animation-delay:0.3s\"><div class=\"vc_column-inner\"><div class=\"wpb_wrapper\"><div class=\"wpb_text_column\"><div class=\"wpb_wrapper\"><h1 style=\"text-align: center;\">1994<\/h1>\n<\/div><\/div><\/div><\/div><\/div><div class=\"vc_col-sm-10 wpb_column vc_column_container us_animate_afb\" style=\"animation-delay:0.3s\"><div class=\"vc_column-inner\"><div class=\"wpb_wrapper\"><div class=\"wpb_text_column\"><div class=\"wpb_wrapper\"><h1>1994-1996: novos parceiros<\/h1>\n<\/div><\/div><div class=\"w-separator size_small\"><\/div><div class=\"wpb_text_column\"><div class=\"wpb_wrapper\"><p style=\"text-align: justify;\">Em 1994 ocorreu uma mudan\u00e7a substancial na estrutura accionista. Dois novos s\u00f3cios (INDEP, empresa p\u00fablica e EDP, empresa portuguesa de produ\u00e7\u00e3o e distribui\u00e7\u00e3o de energia) juntaram-se \u00e0 empresa, permitindo um aumento do capital accionista para cerca de \u20ac 8,7 milh\u00e3o.<\/p>\n<p style=\"text-align: justify;\">No mesmo ano, uma nova gera\u00e7\u00e3o de sistemas de tratamento de mensagens entrou em servi\u00e7o. Este novo sistema informatizado, totalmente automatizado, resultou de um esfor\u00e7o de desenvolvimento de software de cerca de 40 anos-homem e foi de facto o primeiro projecto em Portugal baseado na linguagem de software ADA, na altura padronizada pelo Departamento de Defesa dos EUA.<\/p>\n<\/div><\/div><\/div><\/div><\/div><\/div><\/div><\/section><section class=\"l-section wpb_row height_medium full_height valign_center color_primary with_img parallax_ver\"><div class=\"l-section-img\" role=\"img\" aria-label=\"Imagem\" data-img-width=\"1280\" data-img-height=\"853\" style=\"background-image: url(https:\/\/www.eid.pt\/upoapsee\/2019\/12\/img_15_8332_4.jpg);\"><\/div><div class=\"l-section-overlay\" style=\"background:rgba(51,51,51,0.80)\"><\/div><div class=\"l-section-h i-cf\"><div class=\"g-cols vc_row via_flex valign_top type_default stacking_default\"><div class=\"vc_col-sm-2 wpb_column vc_column_container us_animate_afb\" style=\"animation-delay:0.3s\"><div class=\"vc_column-inner\"><div class=\"wpb_wrapper\"><div class=\"wpb_text_column\"><div class=\"wpb_wrapper\"><h1 style=\"text-align: center;\">2000<\/h1>\n<\/div><\/div><\/div><\/div><\/div><div class=\"vc_col-sm-10 wpb_column vc_column_container us_animate_afb\" style=\"animation-delay:0.3s\"><div class=\"vc_column-inner\"><div class=\"wpb_wrapper\"><div class=\"wpb_text_column\"><div class=\"wpb_wrapper\"><h1>Reestrutura\u00e7\u00e3o accionista<\/h1>\n<\/div><\/div><div class=\"w-separator size_small\"><\/div><div class=\"wpb_text_column\"><div class=\"wpb_wrapper\"><p style=\"text-align: justify;\">Uma nova estrutura accionista foi conclu\u00edda em 2000, quando a Rohde &amp; Schwarz se juntou \u00e0 EMPORDEF e \u00e0 EFACEC. O capital social foi ent\u00e3o aumentado para 11 milh\u00f5es de euros.<\/p>\n<p style=\"text-align: justify;\">Ao mesmo tempo, devido \u00e0 evolu\u00e7\u00e3o permanente da tecnologia, o ICCS foi atualizado para continuar a ser uma solu\u00e7\u00e3o competitiva e de \u00faltima gera\u00e7\u00e3o. O sistema de 5\u00aa gera\u00e7\u00e3o, baseado numa arquitectura distribu\u00edda suportada numa rede redundante de fibra \u00f3ptica, foi lan\u00e7ado em 2000. Esta nova vers\u00e3o foi concebida para equipar os navios emblem\u00e1ticos das marinhas holandesa e espanhola: as fragatas das classes De Zeven Provinci\u00ebn e \u00c1lvaro de Baz\u00e1n.<\/p>\n<p style=\"text-align: justify;\">No ano seguinte, o sistema de gest\u00e3o da qualidade da EID foi certificado pela ISO 9001.<\/p>\n<\/div><\/div><\/div><\/div><\/div><\/div><\/div><\/section><section class=\"l-section wpb_row height_medium full_height valign_center color_primary with_img parallax_ver\"><div class=\"l-section-img\" role=\"img\" aria-label=\"old eid logo\" data-img-width=\"1920\" data-img-height=\"1080\" style=\"background-image: url(https:\/\/www.eid.pt\/upoapsee\/2021\/06\/EID-LOGO.jpg);\"><\/div><div class=\"l-section-overlay\" style=\"background:rgba(51,51,51,0.80)\"><\/div><div class=\"l-section-h i-cf\"><div class=\"g-cols vc_row via_flex valign_top type_default stacking_default\"><div class=\"vc_col-sm-2 wpb_column vc_column_container us_animate_afb\" style=\"animation-delay:0.3s\"><div class=\"vc_column-inner\"><div class=\"wpb_wrapper\"><div class=\"wpb_text_column\"><div class=\"wpb_wrapper\"><h1 style=\"text-align: center;\">2001<\/h1>\n<\/div><\/div><\/div><\/div><\/div><div class=\"vc_col-sm-10 wpb_column vc_column_container us_animate_afb\" style=\"animation-delay:0.3s\"><div class=\"vc_column-inner\"><div class=\"wpb_wrapper\"><div class=\"wpb_text_column\"><div class=\"wpb_wrapper\"><h1>Novo logotipo, novos produtos<\/h1>\n<\/div><\/div><div class=\"w-separator size_small\"><\/div><div class=\"wpb_text_column\"><div class=\"wpb_wrapper\"><p style=\"text-align: justify;\">A empresa adotou uma nova logomarca em 2001. Com reminisc\u00eancias da anterior (ambas com listras), o conjunto de diferentes formatos utilizados e os tons de azul conferem \u00e0 nova logomarca um toque de modernidade, harmonia e confiabilidade. Na sequ\u00eancia do bem sucedido desenvolvimento conjunto do PRC-525, a parceria tecnol\u00f3gica com a Rohde &amp; Schwarz deu origem a uma nova fam\u00edlia de transceptores e receptores HF que equiparam navios e esta\u00e7\u00f5es costeiras da Marinha Portuguesa, substituindo os equipamentos fornecidos pela EID na d\u00e9cada de 1980.<\/p>\n<p style=\"text-align: justify;\">A segunda gera\u00e7\u00e3o do MMHS (Military Message Handling System), alinhada com o segundo lan\u00e7amento do STANAG 4406, foi lan\u00e7ada em 2007. No mesmo ano, a empresa lan\u00e7ou o ICC-201, uma nova vers\u00e3o de sistemas de comunica\u00e7\u00e3o veicular apresentando, al\u00e9m da comuta\u00e7\u00e3o t\u00edpica de voz e dados, voz sobre IP, controle remoto via r\u00e1dio, roteamento IP e comuta\u00e7\u00e3o Ethernet. Estes sistemas podem ser encontrados a bordo dos ve\u00edculos blindados do tipo Pandur utilizados pelas For\u00e7as Armadas Portuguesas que est\u00e3o actualmente a ser vendidos no mercado externo, nomeadamente no M\u00e9dio Oriente.<\/p>\n<p style=\"text-align: justify;\">O desenvolvimento de uma nova gera\u00e7\u00e3o de centrais digitais e telefones de campo foi conclu\u00eddo em meados de 2008. Surpreendentemente, o primeiro contrato de fornecimento destas unidades n\u00e3o foi assinado com as For\u00e7as Armadas Portuguesas, mas com o Ex\u00e9rcito da Mal\u00e1sia. O equipamento tamb\u00e9m foi adotado por Ex\u00e9rcitos de outros pa\u00edses, como, por exemplo, Egito, Bangladesh, Bahrein e Emirados \u00c1rabes Unidos.<\/p>\n<\/div><\/div><\/div><\/div><\/div><\/div><\/div><\/section><section class=\"l-section wpb_row height_medium full_height valign_center color_primary with_img parallax_ver\"><div class=\"l-section-img\" role=\"img\" aria-label=\"personal radio banner\" data-img-width=\"792\" data-img-height=\"528\" style=\"background-image: url(https:\/\/www.eid.pt\/upoapsee\/2021\/06\/personalradio.jpg);\"><\/div><div class=\"l-section-overlay\" style=\"background:rgba(9,59,3,0.90)\"><\/div><div class=\"l-section-h i-cf\"><div class=\"g-cols vc_row via_flex valign_top type_default stacking_default\"><div class=\"vc_col-sm-2 wpb_column vc_column_container us_animate_afb\" style=\"animation-delay:0.3s\"><div class=\"vc_column-inner\"><div class=\"wpb_wrapper\"><div class=\"wpb_text_column\"><div class=\"wpb_wrapper\"><h1 style=\"text-align: center;\">2012<\/h1>\n<\/div><\/div><\/div><\/div><\/div><div class=\"vc_col-sm-10 wpb_column vc_column_container us_animate_afb\" style=\"animation-delay:0.3s\"><div class=\"vc_column-inner\"><div class=\"wpb_wrapper\"><div class=\"wpb_text_column\"><div class=\"wpb_wrapper\"><h1>Inflar a pasta: clientes, produtos<\/h1>\n<\/div><\/div><div class=\"w-separator size_small\"><\/div><div class=\"wpb_text_column\"><div class=\"wpb_wrapper\"><p style=\"text-align: justify;\">O ano de 2012 assistiu \u00e0 inclus\u00e3o de tr\u00eas novos membros no clube de utilizadores do ICCS \u2013 as marinhas da Austr\u00e1lia, da Indon\u00e9sia e da Mal\u00e1sia \u2013 bem como ao lan\u00e7amento do primeiro membro da fam\u00edlia de r\u00e1dios pessoais TWH, elementos-chave do equipamento soldado do futuro. AQAP2110, a certifica\u00e7\u00e3o de qualidade NATO, foi concedida \u00e0 EID tamb\u00e9m em 2012.<\/p>\n<p style=\"text-align: justify;\">No ano seguinte, foi conclu\u00eddo o projeto do ICC-251, um sistema de intercomunica\u00e7\u00e3o veicular compacto, tamb\u00e9m adequado para pequenas embarca\u00e7\u00f5es, e o produto entrou em fase de produ\u00e7\u00e3o.<\/p>\n<p style=\"text-align: justify;\">No final de 2014, a EID lan\u00e7ou a 6\u00aa gera\u00e7\u00e3o do SICC, um conceito baseado em IP com m\u00faltiplos novos recursos avan\u00e7ados. Esta vers\u00e3o equiparia as fragatas Polivalentes das Marinhas Portuguesa, Holandesa e Belga, ao abrigo de um contrato comum adjudicado \u00e0 EID no in\u00edcio de 2015. O \u00e2mbito deste projeto inclui tamb\u00e9m a moderniza\u00e7\u00e3o das fragatas da classe Vasco da Gama e do HNLMS Rotterdam.<\/p>\n<p style=\"text-align: justify;\">O n\u00famero de navios equipados com o SICC aumentou para mais de 120. A Marinha das Filipinas foi bem-vinda ao grupo de utilizadores do SICC, agora composto por 11 na\u00e7\u00f5es. A vers\u00e3o compat\u00edvel com IP da central telef\u00f3nica de campo CD-116 tamb\u00e9m foi lan\u00e7ada em 2015. At\u00e9 agora, a EID j\u00e1 forneceu mais de 500 centrais telef\u00f3nicas de campo e 7.000 aparelhos telef\u00f4nicos para diversos clientes estrangeiros.<\/p>\n<\/div><\/div><\/div><\/div><\/div><\/div><\/div><\/section><section class=\"l-section wpb_row height_medium full_height valign_center color_primary with_img parallax_ver\"><div class=\"l-section-img\" role=\"img\" aria-label=\"cohort logo\" data-img-width=\"1920\" data-img-height=\"898\" style=\"background-image: url(https:\/\/www.eid.pt\/upoapsee\/2021\/06\/Cohort-plc-fundo_Logo-01.png);\"><\/div><div class=\"l-section-overlay\" style=\"background:rgba(97,7,7,0.90)\"><\/div><div class=\"l-section-h i-cf\"><div class=\"g-cols vc_row via_flex valign_top type_default stacking_default\"><div class=\"vc_col-sm-2 wpb_column vc_column_container us_animate_afb\" style=\"animation-delay:0.3s\"><div class=\"vc_column-inner\"><div class=\"wpb_wrapper\"><div class=\"wpb_text_column\"><div class=\"wpb_wrapper\"><h1 style=\"text-align: center;\">2016<\/h1>\n<\/div><\/div><\/div><\/div><\/div><div class=\"vc_col-sm-10 wpb_column vc_column_container us_animate_afb\" style=\"animation-delay:0.3s\"><div class=\"vc_column-inner\"><div class=\"wpb_wrapper\"><div class=\"wpb_text_column\"><div class=\"wpb_wrapper\"><h1>EID, uma empresa Cohort plc<\/h1>\n<\/div><\/div><div class=\"w-separator size_small\"><\/div><div class=\"wpb_text_column\"><div class=\"wpb_wrapper\"><p style=\"text-align: justify;\">Em junho de 2016, a Cohort plc, o grupo tecnol\u00f3gico independente com sede no Reino Unido, adquiriu uma participa\u00e7\u00e3o maiorit\u00e1ria na EID. Esta aquisi\u00e7\u00e3o proporcionou a ambas as partes a capacidade de oferecer uma gama mais ampla de capacidades novas e complementares para clientes de defesa e seguran\u00e7a em todo o mundo.<\/p>\n<\/div><\/div><\/div><\/div><\/div><\/div><\/div><\/section>","protected":false},"excerpt":{"rendered":"Down memory lane Take a look at our history throughout the years. 1983 The beginning EID was established on 8th of June 1983, and was the first R&amp;D company ever created in Portugal, under the sponsorship of the Portuguese government. This new company was built on the basis of a team of skilled, young electronics...","protected":false},"author":2,"featured_media":11022,"parent":9832,"menu_order":0,"comment_status":"closed","ping_status":"closed","template":"","meta":{"footnotes":""},"class_list":["post-10667","page","type-page","status-publish","has-post-thumbnail","hentry"],"_links":{"self":[{"href":"https:\/\/www.eid.pt\/pt\/wp-json\/wp\/v2\/pages\/10667","targetHints":{"allow":["GET"]}}],"collection":[{"href":"https:\/\/www.eid.pt\/pt\/wp-json\/wp\/v2\/pages"}],"about":[{"href":"https:\/\/www.eid.pt\/pt\/wp-json\/wp\/v2\/types\/page"}],"author":[{"embeddable":true,"href":"https:\/\/www.eid.pt\/pt\/wp-json\/wp\/v2\/users\/2"}],"replies":[{"embeddable":true,"href":"https:\/\/www.eid.pt\/pt\/wp-json\/wp\/v2\/comments?post=10667"}],"version-history":[{"count":18,"href":"https:\/\/www.eid.pt\/pt\/wp-json\/wp\/v2\/pages\/10667\/revisions"}],"predecessor-version":[{"id":11710,"href":"https:\/\/www.eid.pt\/pt\/wp-json\/wp\/v2\/pages\/10667\/revisions\/11710"}],"up":[{"embeddable":true,"href":"https:\/\/www.eid.pt\/pt\/wp-json\/wp\/v2\/pages\/9832"}],"wp:featuredmedia":[{"embeddable":true,"href":"https:\/\/www.eid.pt\/pt\/wp-json\/wp\/v2\/media\/11022"}],"wp:attachment":[{"href":"https:\/\/www.eid.pt\/pt\/wp-json\/wp\/v2\/media?parent=10667"}],"curies":[{"name":"wp","href":"https:\/\/api.w.org\/{rel}","templated":true}]}}