{"id":10631,"date":"2021-06-02T08:32:52","date_gmt":"2021-06-02T08:32:52","guid":{"rendered":"http:\/\/www.eid.pt\/?page_id=10631"},"modified":"2025-12-03T10:48:18","modified_gmt":"2025-12-03T10:48:18","slug":"management","status":"publish","type":"page","link":"https:\/\/www.eid.pt\/pt\/who-we-are\/management\/","title":{"rendered":"Management"},"content":{"rendered":"<section class=\"l-section wpb_row us_custom_f5fd5922 height_medium color_primary with_img parallax_ver\"><div class=\"l-section-img\" role=\"img\" aria-label=\"management banner\" data-img-width=\"1800\" data-img-height=\"889\" style=\"background-image: url(https:\/\/www.eid.pt\/upoapsee\/2021\/07\/double-exposure-image-faded-business-abstract-background2.jpg);\"><\/div><div class=\"l-section-overlay\" style=\"background:rgba(51,51,51,0.80)\"><\/div><div class=\"l-section-h i-cf\"><div class=\"g-cols vc_row via_flex valign_middle type_default stacking_default\"><div class=\"vc_col-sm-12 wpb_column vc_column_container\"><div class=\"vc_column-inner\"><div class=\"wpb_wrapper\"><div class=\"wpb_text_column\"><div class=\"wpb_wrapper\"><h1><strong>Equipa de Diretores<\/strong><\/h1>\n<\/div><\/div><\/div><\/div><\/div><\/div><\/div><\/section><section class=\"l-section wpb_row height_auto\"><div class=\"l-section-h i-cf\"><div class=\"g-cols vc_row via_flex valign_top type_default stacking_default\"><div class=\"vc_col-sm-3 wpb_column vc_column_container\"><div class=\"vc_column-inner\"><div class=\"wpb_wrapper\"><div class=\"w-separator size_medium\"><\/div><div class=\"w-person us_custom_a16cad38 layout_simple_circle\" id=\"popup\" itemscope itemtype=\"https:\/\/schema.org\/Person\"><div class=\"w-person-image\"><img loading=\"lazy\" decoding=\"async\" width=\"679\" height=\"679\" src=\"https:\/\/www.eid.pt\/upoapsee\/MartinB.jpg\" class=\"attachment-full size-full\" alt=\"Martin Bennett\" itemprop=\"image\" srcset=\"https:\/\/www.eid.pt\/upoapsee\/MartinB.jpg 679w, https:\/\/www.eid.pt\/upoapsee\/MartinB-300x300.jpg 300w, https:\/\/www.eid.pt\/upoapsee\/MartinB-150x150.jpg 150w, https:\/\/www.eid.pt\/upoapsee\/MartinB-12x12.jpg 12w, https:\/\/www.eid.pt\/upoapsee\/MartinB-400x400.jpg 400w\" sizes=\"auto, (max-width: 679px) 100vw, 679px\" \/><\/div><div class=\"w-person-content\"><h4 itemprop=\"name\" class=\"w-person-name\"><span>Martin Bennett<\/span><\/h4><div class=\"w-person-role\" itemprop=\"jobTitle\">Diretor Executivo<\/div><\/div><\/div><div class=\"w-separator size_medium\"><\/div><\/div><\/div><\/div><div class=\"vc_col-sm-3 wpb_column vc_column_container\"><div class=\"vc_column-inner\"><div class=\"wpb_wrapper\"><div class=\"w-separator size_medium\"><\/div><div class=\"w-person us_custom_a16cad38 layout_simple_circle\" id=\"popup\" itemscope itemtype=\"https:\/\/schema.org\/Person\"><div class=\"w-person-image\"><img loading=\"lazy\" decoding=\"async\" width=\"679\" height=\"679\" src=\"https:\/\/www.eid.pt\/upoapsee\/2024\/10\/VascoLobo.jpg\" class=\"attachment-full size-full\" alt=\"\" itemprop=\"image\" srcset=\"https:\/\/www.eid.pt\/upoapsee\/2024\/10\/VascoLobo.jpg 679w, https:\/\/www.eid.pt\/upoapsee\/2024\/10\/VascoLobo-300x300.jpg 300w, https:\/\/www.eid.pt\/upoapsee\/2024\/10\/VascoLobo-150x150.jpg 150w, https:\/\/www.eid.pt\/upoapsee\/2024\/10\/VascoLobo-12x12.jpg 12w, https:\/\/www.eid.pt\/upoapsee\/2024\/10\/VascoLobo-400x400.jpg 400w\" sizes=\"auto, (max-width: 679px) 100vw, 679px\" \/><\/div><div class=\"w-person-content\"><h4 itemprop=\"name\" class=\"w-person-name\"><span>Vasco Lobo<\/span><\/h4><div class=\"w-person-role\" itemprop=\"jobTitle\">Diretor Financeiro<\/div><\/div><\/div><div class=\"w-separator size_medium\"><\/div><\/div><\/div><\/div><div class=\"vc_col-sm-3 wpb_column vc_column_container\"><div class=\"vc_column-inner\"><div class=\"wpb_wrapper\"><div class=\"w-separator size_medium\"><\/div><div class=\"w-person us_custom_a16cad38 layout_simple_circle\" itemscope itemtype=\"https:\/\/schema.org\/Person\"><div class=\"w-person-image\"><img loading=\"lazy\" decoding=\"async\" width=\"725\" height=\"725\" src=\"https:\/\/www.eid.pt\/upoapsee\/2021\/06\/Nuno.png\" class=\"attachment-full size-full\" alt=\"nuno cordeiro\" itemprop=\"image\" \/><\/div><div class=\"w-person-content\"><h4 itemprop=\"name\" class=\"w-person-name\"><span>Nuno Cordeiro<\/span><\/h4><div class=\"w-person-role\" itemprop=\"jobTitle\">Diretor de I&amp;D<\/div><\/div><\/div><div class=\"w-separator size_medium\"><\/div><\/div><\/div><\/div><div class=\"vc_col-sm-3 wpb_column vc_column_container\"><div class=\"vc_column-inner\"><div class=\"wpb_wrapper\"><div class=\"w-separator size_medium\"><\/div><div class=\"w-person us_custom_a16cad38 layout_simple_circle\" itemscope itemtype=\"https:\/\/schema.org\/Person\"><div class=\"w-person-image\"><img loading=\"lazy\" decoding=\"async\" width=\"679\" height=\"679\" src=\"https:\/\/www.eid.pt\/upoapsee\/2024\/01\/Pedro-Costa.jpg\" class=\"attachment-full size-full\" alt=\"\" itemprop=\"image\" \/><\/div><div class=\"w-person-content\"><h4 itemprop=\"name\" class=\"w-person-name\"><span>Pedro Ara\u00fajo Costa<\/span><\/h4><div class=\"w-person-role\" itemprop=\"jobTitle\">Diretor de Programas e Parcerias Estrat\u00e9gicas<\/div><\/div><\/div><div class=\"w-separator size_medium\"><\/div><\/div><\/div><\/div><\/div><\/div><\/section><section class=\"l-section wpb_row height_auto\"><div class=\"l-section-h i-cf\"><div class=\"g-cols vc_row via_flex valign_top type_default stacking_default\"><div class=\"vc_col-sm-3 wpb_column vc_column_container\"><div class=\"vc_column-inner\"><div class=\"wpb_wrapper\"><div class=\"w-person us_custom_a16cad38 layout_simple_circle\" id=\"popup\" itemscope itemtype=\"https:\/\/schema.org\/Person\"><div class=\"w-person-image\"><img loading=\"lazy\" decoding=\"async\" width=\"578\" height=\"578\" src=\"https:\/\/www.eid.pt\/upoapsee\/2021\/06\/Contradancas.png\" class=\"attachment-full size-full\" alt=\"lu\u00eds contradan\u00e7as\" itemprop=\"image\" \/><\/div><div class=\"w-person-content\"><h4 itemprop=\"name\" class=\"w-person-name\"><span>Lu\u00eds Contradan\u00e7as<\/span><\/h4><div class=\"w-person-role\" itemprop=\"jobTitle\">Diretor de Opera\u00e7\u00f5es<\/div><\/div><\/div><div class=\"w-separator size_medium\"><\/div><\/div><\/div><\/div><div class=\"vc_col-sm-3 wpb_column vc_column_container\"><div class=\"vc_column-inner\"><div class=\"wpb_wrapper\"><div class=\"w-person us_custom_a16cad38 layout_simple_circle\" itemscope itemtype=\"https:\/\/schema.org\/Person\"><div class=\"w-person-image\"><img loading=\"lazy\" decoding=\"async\" width=\"679\" height=\"679\" src=\"https:\/\/www.eid.pt\/upoapsee\/2024\/01\/Amorim.jpg\" class=\"attachment-full size-full\" alt=\"\" itemprop=\"image\" \/><\/div><div class=\"w-person-content\"><h4 itemprop=\"name\" class=\"w-person-name\"><span>Amorim Pintado<\/span><\/h4><div class=\"w-person-role\" itemprop=\"jobTitle\">Diretor da Qualidade<\/div><\/div><\/div><div class=\"w-separator size_medium\"><\/div><\/div><\/div><\/div><div class=\"vc_col-sm-3 wpb_column vc_column_container\"><div class=\"vc_column-inner\"><div class=\"wpb_wrapper\"><div class=\"w-person us_custom_a16cad38 layout_simple_circle\" itemscope itemtype=\"https:\/\/schema.org\/Person\"><div class=\"w-person-image\"><img loading=\"lazy\" decoding=\"async\" width=\"679\" height=\"679\" src=\"https:\/\/www.eid.pt\/upoapsee\/2022\/04\/Joana.png\" class=\"attachment-full size-full\" alt=\"\" itemprop=\"image\" \/><\/div><div class=\"w-person-content\"><h4 itemprop=\"name\" class=\"w-person-name\"><span>Joana Hasse<\/span><\/h4><div class=\"w-person-role\" itemprop=\"jobTitle\">Director of People &amp; Culture<\/div><\/div><\/div><div class=\"w-separator size_medium\"><\/div><\/div><\/div><\/div><div class=\"vc_col-sm-3 wpb_column vc_column_container\"><div class=\"vc_column-inner\"><div class=\"wpb_wrapper\"><div class=\"w-person us_custom_a16cad38 layout_simple_circle\" itemscope itemtype=\"https:\/\/schema.org\/Person\"><div class=\"w-person-image\"><img loading=\"lazy\" decoding=\"async\" width=\"679\" height=\"679\" src=\"https:\/\/www.eid.pt\/upoapsee\/2024\/09\/gregory.jpg\" class=\"attachment-full size-full\" alt=\"\" itemprop=\"image\" srcset=\"https:\/\/www.eid.pt\/upoapsee\/2024\/09\/gregory.jpg 679w, https:\/\/www.eid.pt\/upoapsee\/2024\/09\/gregory-300x300.jpg 300w, https:\/\/www.eid.pt\/upoapsee\/2024\/09\/gregory-150x150.jpg 150w, https:\/\/www.eid.pt\/upoapsee\/2024\/09\/gregory-12x12.jpg 12w, https:\/\/www.eid.pt\/upoapsee\/2024\/09\/gregory-400x400.jpg 400w\" sizes=\"auto, (max-width: 679px) 100vw, 679px\" \/><\/div><div class=\"w-person-content\"><h4 itemprop=\"name\" class=\"w-person-name\"><span>Gregory Flippes<\/span><\/h4><div class=\"w-person-role\" itemprop=\"jobTitle\">Director of Marketing &amp; Sales<\/div><\/div><\/div><div class=\"w-separator size_medium\"><\/div><\/div><\/div><\/div><\/div><\/div><\/section>","protected":false},"excerpt":{"rendered":"Management Team Martin BennettManaging DirectorVasco LoboFinance DirectorNuno CordeiroDirector of R&amp;DPedro Ara\u00fajo CostaDirector of Programs &amp; Strategic PartnershipsLu\u00eds Contradan\u00e7asDirector of OperationsAmorim PintadoDirector of QualityJoana HasseDirector of People &amp; CultureGregory FlippesDirector of Marketing &amp; Sales","protected":false},"author":2,"featured_media":11020,"parent":9832,"menu_order":0,"comment_status":"closed","ping_status":"closed","template":"","meta":{"footnotes":""},"class_list":["post-10631","page","type-page","status-publish","has-post-thumbnail","hentry"],"_links":{"self":[{"href":"https:\/\/www.eid.pt\/pt\/wp-json\/wp\/v2\/pages\/10631","targetHints":{"allow":["GET"]}}],"collection":[{"href":"https:\/\/www.eid.pt\/pt\/wp-json\/wp\/v2\/pages"}],"about":[{"href":"https:\/\/www.eid.pt\/pt\/wp-json\/wp\/v2\/types\/page"}],"author":[{"embeddable":true,"href":"https:\/\/www.eid.pt\/pt\/wp-json\/wp\/v2\/users\/2"}],"replies":[{"embeddable":true,"href":"https:\/\/www.eid.pt\/pt\/wp-json\/wp\/v2\/comments?post=10631"}],"version-history":[{"count":40,"href":"https:\/\/www.eid.pt\/pt\/wp-json\/wp\/v2\/pages\/10631\/revisions"}],"predecessor-version":[{"id":14273,"href":"https:\/\/www.eid.pt\/pt\/wp-json\/wp\/v2\/pages\/10631\/revisions\/14273"}],"up":[{"embeddable":true,"href":"https:\/\/www.eid.pt\/pt\/wp-json\/wp\/v2\/pages\/9832"}],"wp:featuredmedia":[{"embeddable":true,"href":"https:\/\/www.eid.pt\/pt\/wp-json\/wp\/v2\/media\/11020"}],"wp:attachment":[{"href":"https:\/\/www.eid.pt\/pt\/wp-json\/wp\/v2\/media?parent=10631"}],"curies":[{"name":"wp","href":"https:\/\/api.w.org\/{rel}","templated":true}]}}